{"id":15358,"date":"2014-05-01T15:32:31","date_gmt":"2014-05-01T15:32:31","guid":{"rendered":"https:\/\/kefren.pl\/index.php\/2-testimonials\/"},"modified":"2014-05-01T15:32:31","modified_gmt":"2014-05-01T15:32:31","slug":"2-testimonials","status":"publish","type":"page","link":"https:\/\/kefren.pl\/index.php\/pages\/testimonials\/2-testimonials\/","title":{"rendered":"2. Testimonials"},"content":{"rendered":"<div class=\"wpb-content-wrapper\"><p>[vc_row css=&#8221;.vc_custom_1573384859884{padding-top: 70px !important;}&#8221;][vc_column width=&#8221;7\/12&#8243; css=&#8221;.vc_custom_1573384939202{padding-bottom: 50px !important;}&#8221; offset=&#8221;vc_col-lg-8 vc_col-md-8&#8243;][dt_testimonials_masonry content_layout=&#8221;layout_3&#8243; post_content_paddings=&#8221;30px 30px 30px 30px&#8221; img_max_width=&#8221;70px&#8221; image_paddings=&#8221;0px 20px 0px 0px&#8221; img_border_radius=&#8221;60px&#8221; bwb_columns=&#8221;desktop:1|h_tablet:1|v_tablet:1|phone:1&#8243; post_title_font_style=&#8221;normal:bold:uppercase&#8221; post_title_font_size=&#8221;16px&#8221; post_title_line_height=&#8221;26px&#8221; post_title_bottom_margin=&#8221;0px&#8221; testimonial_position_bottom_margin=&#8221;0px&#8221; content_bottom_margin=&#8221;15px&#8221; loading_mode=&#8221;js_pagination&#8221; jsp_posts_per_page=&#8221;5&#8243; category=&#8221;&#8221;][\/vc_column][vc_column width=&#8221;5\/12&#8243; css=&#8221;.vc_custom_1573384921643{padding-bottom: 60px !important;}&#8221; offset=&#8221;vc_col-lg-4 vc_col-md-4&#8243;]<div id=\"ultimate-heading-241069e0d5224ebd9\" class=\"uvc-heading ult-adjust-bottom-margin ultimate-heading-241069e0d5224ebd9 uvc-9411 \" data-hspacer=\"no_spacer\"  data-halign=\"left\" style=\"text-align:left\"><div class=\"uvc-heading-spacer no_spacer\" style=\"top\"><\/div><div class=\"uvc-main-heading ult-responsive\"  data-ultimate-target='.uvc-heading.ultimate-heading-241069e0d5224ebd9 h3'  data-responsive-json-new='{\"font-size\":\"\",\"line-height\":\"\"}' ><h3 style=\"font-weight:bold;margin-bottom:20px;\">We care about our customers!<\/h3><\/div><\/div>[vc_column_text css=&#8221;.vc_custom_1573384495996{padding-bottom: 20px !important;}&#8221;]Mauris euismod ante a malesuada &#8211; ivamus tempus gravida elit.[\/vc_column_text]<style type=\"text\/css\" data-type=\"the7_shortcodes-inline-css\">.icon-with-text-shortcode.icon-text-id-7da7856bc43047bd8f9e57747bee737c .text-icon {\n  width: 32px;\n  height: 32px;\n  line-height: 32px;\n  font-size: 32px;\n  border-radius: 200px;\n  margin: 0px 5px 0px 0px;\n}\n.icon-with-text-shortcode.icon-text-id-7da7856bc43047bd8f9e57747bee737c .text-icon .icon-inner {\n  min-width: 32px;\n  min-height: 32px;\n  border-radius: 200px;\n}\n@media all and (-ms-high-contrast: none) {\n  .icon-with-text-shortcode.icon-text-id-7da7856bc43047bd8f9e57747bee737c .text-icon .icon-inner {\n    height: 32px;\n  }\n}\n.icon-with-text-shortcode.icon-text-id-7da7856bc43047bd8f9e57747bee737c .text-icon .dt-hover-icon {\n  line-height: 32px;\n}\n.icon-with-text-shortcode.icon-text-id-7da7856bc43047bd8f9e57747bee737c .text-icon:before,\n.icon-with-text-shortcode.icon-text-id-7da7856bc43047bd8f9e57747bee737c .text-icon:after,\n.icon-with-text-shortcode.icon-text-id-7da7856bc43047bd8f9e57747bee737c .text-icon .icon-inner:before,\n.icon-with-text-shortcode.icon-text-id-7da7856bc43047bd8f9e57747bee737c .text-icon .icon-inner:after {\n  min-width: 100%;\n  min-height: 100%;\n  padding: inherit;\n  border-radius: inherit;\n}\n.icon-with-text-shortcode.icon-text-id-7da7856bc43047bd8f9e57747bee737c .text-icon.dt-icon-border-on:before {\n  border-width: 2px;\n  border-style: solid;\n}\n.dt-icon-border-dashed.icon-with-text-shortcode.icon-text-id-7da7856bc43047bd8f9e57747bee737c .text-icon.dt-icon-border-on:before {\n  border-style: dashed;\n}\n.dt-icon-border-dotted.icon-with-text-shortcode.icon-text-id-7da7856bc43047bd8f9e57747bee737c .text-icon.dt-icon-border-on:before {\n  border-style: dotted;\n}\n.dt-icon-border-double.icon-with-text-shortcode.icon-text-id-7da7856bc43047bd8f9e57747bee737c .text-icon.dt-icon-border-on:before {\n  border-style: double;\n}\n.icon-with-text-shortcode.icon-text-id-7da7856bc43047bd8f9e57747bee737c .text-icon.dt-icon-border-dashed.dt-icon-border-on:before {\n  border-style: dashed;\n}\n.icon-with-text-shortcode.icon-text-id-7da7856bc43047bd8f9e57747bee737c .text-icon.dt-icon-border-dotted.dt-icon-border-on:before {\n  border-style: dotted;\n}\n.icon-with-text-shortcode.icon-text-id-7da7856bc43047bd8f9e57747bee737c .text-icon.dt-icon-border-double.dt-icon-border-on:before {\n  border-style: double;\n}\n.icon-with-text-shortcode.icon-text-id-7da7856bc43047bd8f9e57747bee737c .text-icon.dt-icon-hover-border-on:after {\n  border-width: 2px;\n  border-style: solid;\n}\n.icon-with-text-shortcode.icon-text-id-7da7856bc43047bd8f9e57747bee737c .text-icon.dt-icon-border-dashed.dt-icon-hover-border-on:after {\n  border-style: dashed;\n}\n.icon-with-text-shortcode.icon-text-id-7da7856bc43047bd8f9e57747bee737c .text-icon.dt-icon-border-dotted.dt-icon-hover-border-on:after {\n  border-style: dotted;\n}\n.icon-with-text-shortcode.icon-text-id-7da7856bc43047bd8f9e57747bee737c .text-icon.dt-icon-border-double.dt-icon-hover-border-on:after {\n  border-style: double;\n}\n.icon-with-text-shortcode.icon-text-id-7da7856bc43047bd8f9e57747bee737c .text-icon.dt-icon-hover-on:hover {\n  font-size: 32px;\n}\n#page .icon-with-text-shortcode.icon-text-id-7da7856bc43047bd8f9e57747bee737c .text-icon.dt-icon-hover-on:hover .soc-font-icon,\n#phantom .icon-with-text-shortcode.icon-text-id-7da7856bc43047bd8f9e57747bee737c .text-icon.dt-icon-hover-on:hover .soc-font-icon,\n#page .icon-with-text-shortcode.icon-text-id-7da7856bc43047bd8f9e57747bee737c .text-icon.dt-icon-hover-on:hover .soc-icon,\n#phantom .icon-with-text-shortcode.icon-text-id-7da7856bc43047bd8f9e57747bee737c .text-icon.dt-icon-hover-on:hover .soc-icon {\n  color: #fff;\n  background: none;\n}\n.icon-with-text-shortcode.icon-text-id-7da7856bc43047bd8f9e57747bee737c.layout-1 {\n  grid-template-columns: 32px minmax(0,1fr);\n  grid-column-gap: 5px;\n}\n.icon-with-text-shortcode.icon-text-id-7da7856bc43047bd8f9e57747bee737c.layout-2 {\n  grid-template-columns: minmax(0,1fr) 32px;\n  grid-column-gap: 0px;\n}\n.icon-with-text-shortcode.icon-text-id-7da7856bc43047bd8f9e57747bee737c.layout-2 .text-icon {\n  margin-left: 0;\n}\n.icon-with-text-shortcode.icon-text-id-7da7856bc43047bd8f9e57747bee737c.layout-3 {\n  grid-template-columns: 32px minmax(0,1fr);\n}\n.icon-with-text-shortcode.icon-text-id-7da7856bc43047bd8f9e57747bee737c.layout-3 .dt-text-title {\n  margin-left: 5px;\n}\n.icon-with-text-shortcode.icon-text-id-7da7856bc43047bd8f9e57747bee737c .dt-text-title,\n.icon-with-text-shortcode.icon-text-id-7da7856bc43047bd8f9e57747bee737c .dt-text-title a {\n  font-weight: bold;\n}\n.icon-with-text-shortcode.icon-text-id-7da7856bc43047bd8f9e57747bee737c .dt-text-title {\n  margin-bottom: 0px;\n}\n.icon-with-text-shortcode.icon-text-id-7da7856bc43047bd8f9e57747bee737c .dt-text-desc {\n  margin-bottom: 0px;\n}\n<\/style><div class=\"icon-with-text-shortcode  icon-text-id-7da7856bc43047bd8f9e57747bee737c layout-3  vc_custom_1573384098391 \" ><span   class=\"text-icon dt-icon-bg-off dt-icon-hover-off\" ><span class=\"icon-inner\"><i class=\"dt-regular-icon soc-icon icomoon-numbers-32x32-number\"><\/i><i class=\"dt-hover-icon soc-icon icomoon-numbers-32x32-number\"><\/i><\/span><\/span><h5 class=\"dt-text-title\"  >Lorem ipsum dolor sit amet<\/h5><div class=\"dt-text-desc\">Lorem ipsum - dolor sit amet, consectetur adipiscing elit. Phasellus ipsum risus, sodales ac mauris at, rutrum mattis purus. Aliquam aliquet magna quis justo.<\/div><\/div><style type=\"text\/css\" data-type=\"the7_shortcodes-inline-css\">.icon-with-text-shortcode.icon-text-id-23a69d7fba0e5321f373739398d59e7d .text-icon {\n  width: 32px;\n  height: 32px;\n  line-height: 32px;\n  font-size: 32px;\n  border-radius: 200px;\n  margin: 0px 5px 0px 0px;\n}\n.icon-with-text-shortcode.icon-text-id-23a69d7fba0e5321f373739398d59e7d .text-icon .icon-inner {\n  min-width: 32px;\n  min-height: 32px;\n  border-radius: 200px;\n}\n@media all and (-ms-high-contrast: none) {\n  .icon-with-text-shortcode.icon-text-id-23a69d7fba0e5321f373739398d59e7d .text-icon .icon-inner {\n    height: 32px;\n  }\n}\n.icon-with-text-shortcode.icon-text-id-23a69d7fba0e5321f373739398d59e7d .text-icon .dt-hover-icon {\n  line-height: 32px;\n}\n.icon-with-text-shortcode.icon-text-id-23a69d7fba0e5321f373739398d59e7d .text-icon:before,\n.icon-with-text-shortcode.icon-text-id-23a69d7fba0e5321f373739398d59e7d .text-icon:after,\n.icon-with-text-shortcode.icon-text-id-23a69d7fba0e5321f373739398d59e7d .text-icon .icon-inner:before,\n.icon-with-text-shortcode.icon-text-id-23a69d7fba0e5321f373739398d59e7d .text-icon .icon-inner:after {\n  min-width: 100%;\n  min-height: 100%;\n  padding: inherit;\n  border-radius: inherit;\n}\n.icon-with-text-shortcode.icon-text-id-23a69d7fba0e5321f373739398d59e7d .text-icon.dt-icon-border-on:before {\n  border-width: 2px;\n  border-style: solid;\n}\n.dt-icon-border-dashed.icon-with-text-shortcode.icon-text-id-23a69d7fba0e5321f373739398d59e7d .text-icon.dt-icon-border-on:before {\n  border-style: dashed;\n}\n.dt-icon-border-dotted.icon-with-text-shortcode.icon-text-id-23a69d7fba0e5321f373739398d59e7d .text-icon.dt-icon-border-on:before {\n  border-style: dotted;\n}\n.dt-icon-border-double.icon-with-text-shortcode.icon-text-id-23a69d7fba0e5321f373739398d59e7d .text-icon.dt-icon-border-on:before {\n  border-style: double;\n}\n.icon-with-text-shortcode.icon-text-id-23a69d7fba0e5321f373739398d59e7d .text-icon.dt-icon-border-dashed.dt-icon-border-on:before {\n  border-style: dashed;\n}\n.icon-with-text-shortcode.icon-text-id-23a69d7fba0e5321f373739398d59e7d .text-icon.dt-icon-border-dotted.dt-icon-border-on:before {\n  border-style: dotted;\n}\n.icon-with-text-shortcode.icon-text-id-23a69d7fba0e5321f373739398d59e7d .text-icon.dt-icon-border-double.dt-icon-border-on:before {\n  border-style: double;\n}\n.icon-with-text-shortcode.icon-text-id-23a69d7fba0e5321f373739398d59e7d .text-icon.dt-icon-hover-border-on:after {\n  border-width: 2px;\n  border-style: solid;\n}\n.icon-with-text-shortcode.icon-text-id-23a69d7fba0e5321f373739398d59e7d .text-icon.dt-icon-border-dashed.dt-icon-hover-border-on:after {\n  border-style: dashed;\n}\n.icon-with-text-shortcode.icon-text-id-23a69d7fba0e5321f373739398d59e7d .text-icon.dt-icon-border-dotted.dt-icon-hover-border-on:after {\n  border-style: dotted;\n}\n.icon-with-text-shortcode.icon-text-id-23a69d7fba0e5321f373739398d59e7d .text-icon.dt-icon-border-double.dt-icon-hover-border-on:after {\n  border-style: double;\n}\n.icon-with-text-shortcode.icon-text-id-23a69d7fba0e5321f373739398d59e7d .text-icon.dt-icon-hover-on:hover {\n  font-size: 32px;\n}\n#page .icon-with-text-shortcode.icon-text-id-23a69d7fba0e5321f373739398d59e7d .text-icon.dt-icon-hover-on:hover .soc-font-icon,\n#phantom .icon-with-text-shortcode.icon-text-id-23a69d7fba0e5321f373739398d59e7d .text-icon.dt-icon-hover-on:hover .soc-font-icon,\n#page .icon-with-text-shortcode.icon-text-id-23a69d7fba0e5321f373739398d59e7d .text-icon.dt-icon-hover-on:hover .soc-icon,\n#phantom .icon-with-text-shortcode.icon-text-id-23a69d7fba0e5321f373739398d59e7d .text-icon.dt-icon-hover-on:hover .soc-icon {\n  color: #fff;\n  background: none;\n}\n.icon-with-text-shortcode.icon-text-id-23a69d7fba0e5321f373739398d59e7d.layout-1 {\n  grid-template-columns: 32px minmax(0,1fr);\n  grid-column-gap: 5px;\n}\n.icon-with-text-shortcode.icon-text-id-23a69d7fba0e5321f373739398d59e7d.layout-2 {\n  grid-template-columns: minmax(0,1fr) 32px;\n  grid-column-gap: 0px;\n}\n.icon-with-text-shortcode.icon-text-id-23a69d7fba0e5321f373739398d59e7d.layout-2 .text-icon {\n  margin-left: 0;\n}\n.icon-with-text-shortcode.icon-text-id-23a69d7fba0e5321f373739398d59e7d.layout-3 {\n  grid-template-columns: 32px minmax(0,1fr);\n}\n.icon-with-text-shortcode.icon-text-id-23a69d7fba0e5321f373739398d59e7d.layout-3 .dt-text-title {\n  margin-left: 5px;\n}\n.icon-with-text-shortcode.icon-text-id-23a69d7fba0e5321f373739398d59e7d .dt-text-title,\n.icon-with-text-shortcode.icon-text-id-23a69d7fba0e5321f373739398d59e7d .dt-text-title a {\n  font-weight: bold;\n}\n.icon-with-text-shortcode.icon-text-id-23a69d7fba0e5321f373739398d59e7d .dt-text-title {\n  margin-bottom: 0px;\n}\n.icon-with-text-shortcode.icon-text-id-23a69d7fba0e5321f373739398d59e7d .dt-text-desc {\n  margin-bottom: 0px;\n}\n<\/style><div class=\"icon-with-text-shortcode  icon-text-id-23a69d7fba0e5321f373739398d59e7d layout-3  vc_custom_1573384146784 \" ><span   class=\"text-icon dt-icon-bg-off dt-icon-hover-off\" ><span class=\"icon-inner\"><i class=\"dt-regular-icon soc-icon icomoon-numbers-32x32-number2\"><\/i><i class=\"dt-hover-icon soc-icon icomoon-numbers-32x32-number2\"><\/i><\/span><\/span><h5 class=\"dt-text-title\"  >Rutrum mattis purus<\/h5><div class=\"dt-text-desc\">Phasellus ipsum risus, sodales ac mauris at, rutrum mattis purus. Aliquam aliquet magna quis justo.<\/div><\/div><style type=\"text\/css\" data-type=\"the7_shortcodes-inline-css\">.icon-with-text-shortcode.icon-text-id-6c0da28ac77d0d03cb1f2d7b72a20762 .text-icon {\n  width: 32px;\n  height: 32px;\n  line-height: 32px;\n  font-size: 32px;\n  border-radius: 200px;\n  margin: 0px 5px 0px 0px;\n}\n.icon-with-text-shortcode.icon-text-id-6c0da28ac77d0d03cb1f2d7b72a20762 .text-icon .icon-inner {\n  min-width: 32px;\n  min-height: 32px;\n  border-radius: 200px;\n}\n@media all and (-ms-high-contrast: none) {\n  .icon-with-text-shortcode.icon-text-id-6c0da28ac77d0d03cb1f2d7b72a20762 .text-icon .icon-inner {\n    height: 32px;\n  }\n}\n.icon-with-text-shortcode.icon-text-id-6c0da28ac77d0d03cb1f2d7b72a20762 .text-icon .dt-hover-icon {\n  line-height: 32px;\n}\n.icon-with-text-shortcode.icon-text-id-6c0da28ac77d0d03cb1f2d7b72a20762 .text-icon:before,\n.icon-with-text-shortcode.icon-text-id-6c0da28ac77d0d03cb1f2d7b72a20762 .text-icon:after,\n.icon-with-text-shortcode.icon-text-id-6c0da28ac77d0d03cb1f2d7b72a20762 .text-icon .icon-inner:before,\n.icon-with-text-shortcode.icon-text-id-6c0da28ac77d0d03cb1f2d7b72a20762 .text-icon .icon-inner:after {\n  min-width: 100%;\n  min-height: 100%;\n  padding: inherit;\n  border-radius: inherit;\n}\n.icon-with-text-shortcode.icon-text-id-6c0da28ac77d0d03cb1f2d7b72a20762 .text-icon.dt-icon-border-on:before {\n  border-width: 2px;\n  border-style: solid;\n}\n.dt-icon-border-dashed.icon-with-text-shortcode.icon-text-id-6c0da28ac77d0d03cb1f2d7b72a20762 .text-icon.dt-icon-border-on:before {\n  border-style: dashed;\n}\n.dt-icon-border-dotted.icon-with-text-shortcode.icon-text-id-6c0da28ac77d0d03cb1f2d7b72a20762 .text-icon.dt-icon-border-on:before {\n  border-style: dotted;\n}\n.dt-icon-border-double.icon-with-text-shortcode.icon-text-id-6c0da28ac77d0d03cb1f2d7b72a20762 .text-icon.dt-icon-border-on:before {\n  border-style: double;\n}\n.icon-with-text-shortcode.icon-text-id-6c0da28ac77d0d03cb1f2d7b72a20762 .text-icon.dt-icon-border-dashed.dt-icon-border-on:before {\n  border-style: dashed;\n}\n.icon-with-text-shortcode.icon-text-id-6c0da28ac77d0d03cb1f2d7b72a20762 .text-icon.dt-icon-border-dotted.dt-icon-border-on:before {\n  border-style: dotted;\n}\n.icon-with-text-shortcode.icon-text-id-6c0da28ac77d0d03cb1f2d7b72a20762 .text-icon.dt-icon-border-double.dt-icon-border-on:before {\n  border-style: double;\n}\n.icon-with-text-shortcode.icon-text-id-6c0da28ac77d0d03cb1f2d7b72a20762 .text-icon.dt-icon-hover-border-on:after {\n  border-width: 2px;\n  border-style: solid;\n}\n.icon-with-text-shortcode.icon-text-id-6c0da28ac77d0d03cb1f2d7b72a20762 .text-icon.dt-icon-border-dashed.dt-icon-hover-border-on:after {\n  border-style: dashed;\n}\n.icon-with-text-shortcode.icon-text-id-6c0da28ac77d0d03cb1f2d7b72a20762 .text-icon.dt-icon-border-dotted.dt-icon-hover-border-on:after {\n  border-style: dotted;\n}\n.icon-with-text-shortcode.icon-text-id-6c0da28ac77d0d03cb1f2d7b72a20762 .text-icon.dt-icon-border-double.dt-icon-hover-border-on:after {\n  border-style: double;\n}\n.icon-with-text-shortcode.icon-text-id-6c0da28ac77d0d03cb1f2d7b72a20762 .text-icon.dt-icon-hover-on:hover {\n  font-size: 32px;\n}\n#page .icon-with-text-shortcode.icon-text-id-6c0da28ac77d0d03cb1f2d7b72a20762 .text-icon.dt-icon-hover-on:hover .soc-font-icon,\n#phantom .icon-with-text-shortcode.icon-text-id-6c0da28ac77d0d03cb1f2d7b72a20762 .text-icon.dt-icon-hover-on:hover .soc-font-icon,\n#page .icon-with-text-shortcode.icon-text-id-6c0da28ac77d0d03cb1f2d7b72a20762 .text-icon.dt-icon-hover-on:hover .soc-icon,\n#phantom .icon-with-text-shortcode.icon-text-id-6c0da28ac77d0d03cb1f2d7b72a20762 .text-icon.dt-icon-hover-on:hover .soc-icon {\n  color: #fff;\n  background: none;\n}\n.icon-with-text-shortcode.icon-text-id-6c0da28ac77d0d03cb1f2d7b72a20762.layout-1 {\n  grid-template-columns: 32px minmax(0,1fr);\n  grid-column-gap: 5px;\n}\n.icon-with-text-shortcode.icon-text-id-6c0da28ac77d0d03cb1f2d7b72a20762.layout-2 {\n  grid-template-columns: minmax(0,1fr) 32px;\n  grid-column-gap: 0px;\n}\n.icon-with-text-shortcode.icon-text-id-6c0da28ac77d0d03cb1f2d7b72a20762.layout-2 .text-icon {\n  margin-left: 0;\n}\n.icon-with-text-shortcode.icon-text-id-6c0da28ac77d0d03cb1f2d7b72a20762.layout-3 {\n  grid-template-columns: 32px minmax(0,1fr);\n}\n.icon-with-text-shortcode.icon-text-id-6c0da28ac77d0d03cb1f2d7b72a20762.layout-3 .dt-text-title {\n  margin-left: 5px;\n}\n.icon-with-text-shortcode.icon-text-id-6c0da28ac77d0d03cb1f2d7b72a20762 .dt-text-title,\n.icon-with-text-shortcode.icon-text-id-6c0da28ac77d0d03cb1f2d7b72a20762 .dt-text-title a {\n  font-weight: bold;\n}\n.icon-with-text-shortcode.icon-text-id-6c0da28ac77d0d03cb1f2d7b72a20762 .dt-text-title {\n  margin-bottom: 0px;\n}\n.icon-with-text-shortcode.icon-text-id-6c0da28ac77d0d03cb1f2d7b72a20762 .dt-text-desc {\n  margin-bottom: 0px;\n}\n<\/style><div class=\"icon-with-text-shortcode  icon-text-id-6c0da28ac77d0d03cb1f2d7b72a20762 layout-3  vc_custom_1573384464087 \" ><span   class=\"text-icon dt-icon-bg-off dt-icon-hover-off\" ><span class=\"icon-inner\"><i class=\"dt-regular-icon soc-icon icomoon-numbers-32x32-number3\"><\/i><i class=\"dt-hover-icon soc-icon icomoon-numbers-32x32-number3\"><\/i><\/span><\/span><h5 class=\"dt-text-title\"  >Accumsan dui consec tetur<\/h5><div class=\"dt-text-desc\">Lorem ante a mauris ultrices malesuada. ivamus tempus gravida elit, eu accumsan dui consectetur sed.<\/div><\/div><div id=\"ultimate-heading-495869e0d5224ed9e\" class=\"uvc-heading ult-adjust-bottom-margin ultimate-heading-495869e0d5224ed9e uvc-7305 \" data-hspacer=\"no_spacer\"  data-halign=\"left\" style=\"text-align:left\"><div class=\"uvc-heading-spacer no_spacer\" style=\"top\"><\/div><div class=\"uvc-main-heading ult-responsive\"  data-ultimate-target='.uvc-heading.ultimate-heading-495869e0d5224ed9e h3'  data-responsive-json-new='{\"font-size\":\"\",\"line-height\":\"\"}' ><h3 style=\"font-weight:bold;margin-bottom:25px;\">Leave your review here<\/h3><\/div><\/div><form class=\"dt-contact-form dt-form privacy-form\" method=\"post\"><input type=\"hidden\" name=\"widget_id\" value=\"presscore-contact-form-widget--1\" \/><input type=\"hidden\" name=\"send_message\" value=\"\" \/><input type=\"hidden\" name=\"security_token\" value=\"86914f47e60f860e2d0d\"\/><div class=\"form-fields\"><span class=\"form-name\"><label class=\"assistive-text\">Nazwa *<\/label><input type=\"text\" class=\"validate[required]\" placeholder=\"Nazwa *\" name=\"name\" value=\"\" aria-required=\"true\">\n<\/span><span class=\"form-mail\"><label class=\"assistive-text\">Adres e-mail *<\/label><input type=\"text\" class=\"validate[required,custom[email]]\" placeholder=\"Adres e-mail *\" name=\"email\" value=\"\" aria-required=\"true\">\n<\/span><span class=\"form-website\"><label class=\"assistive-text\">Strona internetowa<\/label><input type=\"text\" placeholder=\"Strona internetowa\" name=\"website\" value=\"\" aria-required=\"false\">\n<\/span><\/div><span class=\"form-message\"><label class=\"assistive-text\">Wiadomo\u015b\u0107 *<\/label><textarea class=\"validate[required]\" placeholder=\"Wiadomo\u015b\u0107 *\" name=\"message\" rows=\"5\" aria-required=\"true\"><\/textarea>\n<\/span><p class=\"the7-form-terms-wrap\"><input type=\"checkbox\" id=\"the7-form-terms-632cee946db83e7a52ce5e8d6f0fed35\" name=\"terms\" class=\"validate[required] the7-form-terms\" aria-required=\"true\" \/>&nbsp;<label for=\"the7-form-terms-632cee946db83e7a52ce5e8d6f0fed35\"><span class=\"form-terms-text\">U\u017cywaj\u0105c tego formularza wyra\u017casz zgod\u0119 na przetwarzanie Twoich danych osobowych przez t\u0119 witryn\u0119.<\/span><\/label><\/p><p><a href=\"#\" class=\"dt-btn dt-btn-m dt-btn-submit\" rel=\"nofollow\"><span>Submit!<\/span><\/a><input class=\"assistive-text\" type=\"submit\" value=\"wy\u015blij\"><\/p><\/form>\n[\/vc_column][\/vc_row]<\/p>\n<\/div>","protected":false},"excerpt":{"rendered":"<p>[vc_row css=&#8221;.vc_custom_1573384859884{padding-top: 70px !important;}&#8221;][vc_column width=&#8221;7\/12&#8243; css=&#8221;.vc_custom_1573384939202{padding-bottom: 50px !important;}&#8221; offset=&#8221;vc_col-lg-8 vc_col-md-8&#8243;][dt_testimonials_masonry content_layout=&#8221;layout_3&#8243; post_content_paddings=&#8221;30px 30px 30px 30px&#8221; img_max_width=&#8221;70px&#8221; image_paddings=&#8221;0px 20px 0px 0px&#8221; img_border_radius=&#8221;60px&#8221; bwb_columns=&#8221;desktop:1|h_tablet:1|v_tablet:1|phone:1&#8243; post_title_font_style=&#8221;normal:bold:uppercase&#8221; post_title_font_size=&#8221;16px&#8221; post_title_line_height=&#8221;26px&#8221; post_title_bottom_margin=&#8221;0px&#8221; testimonial_position_bottom_margin=&#8221;0px&#8221; content_bottom_margin=&#8221;15px&#8221; loading_mode=&#8221;js_pagination&#8221; jsp_posts_per_page=&#8221;5&#8243; category=&#8221;&#8221;][\/vc_column][vc_column width=&#8221;5\/12&#8243; css=&#8221;.vc_custom_1573384921643{padding-bottom: 60px !important;}&#8221; offset=&#8221;vc_col-lg-4 vc_col-md-4&#8243;][vc_column_text css=&#8221;.vc_custom_1573384495996{padding-bottom: 20px !important;}&#8221;]Mauris euismod ante a malesuada &#8211; ivamus tempus gravida elit.[\/vc_column_text][\/vc_column][\/vc_row]<\/p>\n","protected":false},"author":1,"featured_media":0,"parent":16324,"menu_order":20,"comment_status":"closed","ping_status":"closed","template":"","meta":{"footnotes":""},"class_list":["post-15358","page","type-page","status-publish","hentry","description-off"],"_links":{"self":[{"href":"https:\/\/kefren.pl\/index.php\/wp-json\/wp\/v2\/pages\/15358","targetHints":{"allow":["GET"]}}],"collection":[{"href":"https:\/\/kefren.pl\/index.php\/wp-json\/wp\/v2\/pages"}],"about":[{"href":"https:\/\/kefren.pl\/index.php\/wp-json\/wp\/v2\/types\/page"}],"author":[{"embeddable":true,"href":"https:\/\/kefren.pl\/index.php\/wp-json\/wp\/v2\/users\/1"}],"replies":[{"embeddable":true,"href":"https:\/\/kefren.pl\/index.php\/wp-json\/wp\/v2\/comments?post=15358"}],"version-history":[{"count":0,"href":"https:\/\/kefren.pl\/index.php\/wp-json\/wp\/v2\/pages\/15358\/revisions"}],"up":[{"embeddable":true,"href":"https:\/\/kefren.pl\/index.php\/wp-json\/wp\/v2\/pages\/16324"}],"wp:attachment":[{"href":"https:\/\/kefren.pl\/index.php\/wp-json\/wp\/v2\/media?parent=15358"}],"curies":[{"name":"wp","href":"https:\/\/api.w.org\/{rel}","templated":true}]}}