{"id":16328,"date":"2014-06-16T13:18:24","date_gmt":"2014-06-16T13:18:24","guid":{"rendered":"https:\/\/kefren.pl\/index.php\/pages\/testimonials\/3-testimonials\/"},"modified":"2014-06-16T13:18:24","modified_gmt":"2014-06-16T13:18:24","slug":"3-testimonials","status":"publish","type":"page","link":"https:\/\/kefren.pl\/index.php\/pages\/testimonials\/3-testimonials\/","title":{"rendered":"3. Testimonials"},"content":{"rendered":"<div class=\"wpb-content-wrapper\"><p>[vc_row full_width=&#8221;stretch_row_content&#8221; css=&#8221;.vc_custom_1507893937540{padding-top: 70px !important;padding-bottom: 70px !important;}&#8221;][vc_column][dt_testimonials_masonry type=&#8221;masonry&#8221; loading_effect=&#8221;scale_up&#8221; content_layout=&#8221;layout_1&#8243; content_alignment=&#8221;center&#8221; img_max_width=&#8221;80px&#8221; image_paddings=&#8221;0px 0px 20px 0px&#8221; img_border_radius=&#8221;0px&#8221; bwb_columns=&#8221;desktop:4|h_tablet:3|v_tablet:2|phone:1&#8243; post_title_bottom_margin=&#8221;0px&#8221; content_bottom_margin=&#8221;0px&#8221; loading_mode=&#8221;js_more&#8221; jsm_posts_per_page=&#8221;8&#8243; category=&#8221;&#8221; css_dt_testimonials_masonry=&#8221;.vc_custom_1508493725629{padding-right: 10px !important;padding-left: 10px !important;}&#8221;][\/vc_column][\/vc_row][vc_row full_width=&#8221;stretch_row&#8221; type=&#8221;vc_default&#8221; margin_top=&#8221;0&#8243; margin_bottom=&#8221;-40&#8243; css=&#8221;.vc_custom_1573382630637{padding-top: 70px !important;padding-bottom: 80px !important;background-color: rgba(0,0,0,0.04) !important;*background-color: rgb(0,0,0) !important;}&#8221;][vc_column width=&#8221;2\/3&#8243; offset=&#8221;vc_col-lg-offset-2 vc_col-lg-8 vc_col-md-offset-2 vc_col-md-8 vc_col-sm-offset-2 vc_col-xs-12&#8243;]<div id=\"ultimate-heading-234369e381f2c89b2\" class=\"uvc-heading ult-adjust-bottom-margin ultimate-heading-234369e381f2c89b2 uvc-2293 accent-border-color\" data-hspacer=\"line_only\"  data-halign=\"center\" style=\"text-align:center\"><div class=\"uvc-main-heading ult-responsive\"  data-ultimate-target='.uvc-heading.ultimate-heading-234369e381f2c89b2 h2'  data-responsive-json-new='{\"font-size\":\"\",\"line-height\":\"\"}' ><h2 style=\"font-weight:bold;margin-bottom:15px;\">Leave your review!<\/h2><\/div><div class=\"uvc-heading-spacer line_only\" style=\"margin-bottom:50px;height:4px;\"><span class=\"uvc-headings-line\" style=\"border-style:solid;border-bottom-width:4px;border-color:;width:200px;\"><\/span><\/div><\/div>[vc_column_text css=&#8221;.vc_custom_1573203732169{padding-bottom: 30px !important;}&#8221;]<\/p>\n<p style=\"text-align: center;\">Perspiciatis faucibus dolor amet purus unde om iste mattis natus sit!\u00a0Proin adipiscing porta adipiscing metus sit amet. In eu justo a felis lorem ipsum &#8211; amet faucibus ornare vel id metus.<\/p>\n<p>[\/vc_column_text]<form class=\"dt-contact-form dt-form privacy-form\" method=\"post\"><input type=\"hidden\" name=\"widget_id\" value=\"presscore-contact-form-widget--1\" \/><input type=\"hidden\" name=\"send_message\" value=\"\" \/><input type=\"hidden\" name=\"security_token\" value=\"86914f47e60f860e2d0d\"\/><div class=\"form-fields\"><span class=\"form-name\"><label class=\"assistive-text\">Nazwa *<\/label><input type=\"text\" class=\"validate[required]\" placeholder=\"Nazwa *\" name=\"name\" value=\"\" aria-required=\"true\">\n<\/span><span class=\"form-mail\"><label class=\"assistive-text\">Adres e-mail *<\/label><input type=\"text\" class=\"validate[required,custom[email]]\" placeholder=\"Adres e-mail *\" name=\"email\" value=\"\" aria-required=\"true\">\n<\/span><span class=\"form-telephone\"><label class=\"assistive-text\">Numer telefonu<\/label><input type=\"text\" placeholder=\"Numer telefonu\" name=\"telephone\" value=\"\" aria-required=\"false\">\n<\/span><\/div><span class=\"form-message\"><label class=\"assistive-text\">Wiadomo\u015b\u0107 *<\/label><textarea class=\"validate[required]\" placeholder=\"Wiadomo\u015b\u0107 *\" name=\"message\" rows=\"5\" aria-required=\"true\"><\/textarea>\n<\/span><p class=\"the7-form-terms-wrap\"><input type=\"checkbox\" id=\"the7-form-terms-afe434653a898da20044041262b3ac74\" name=\"terms\" class=\"validate[required] the7-form-terms\" aria-required=\"true\" \/>&nbsp;<label for=\"the7-form-terms-afe434653a898da20044041262b3ac74\"><span class=\"form-terms-text\">U\u017cywaj\u0105c tego formularza wyra\u017casz zgod\u0119 na przetwarzanie Twoich danych osobowych przez t\u0119 witryn\u0119.<\/span><\/label><\/p><p><a href=\"#\" class=\"dt-btn dt-btn-m dt-btn-submit\" rel=\"nofollow\"><span>Send Message<\/span><\/a><input class=\"assistive-text\" type=\"submit\" value=\"wy\u015blij\"><\/p><\/form>\n[\/vc_column][\/vc_row]<\/p>\n<\/div>","protected":false},"excerpt":{"rendered":"<p>[vc_row full_width=&#8221;stretch_row_content&#8221; css=&#8221;.vc_custom_1507893937540{padding-top: 70px !important;padding-bottom: 70px !important;}&#8221;][vc_column][dt_testimonials_masonry type=&#8221;masonry&#8221; loading_effect=&#8221;scale_up&#8221; content_layout=&#8221;layout_1&#8243; content_alignment=&#8221;center&#8221; img_max_width=&#8221;80px&#8221; image_paddings=&#8221;0px 0px 20px 0px&#8221; img_border_radius=&#8221;0px&#8221; bwb_columns=&#8221;desktop:4|h_tablet:3|v_tablet:2|phone:1&#8243; post_title_bottom_margin=&#8221;0px&#8221; content_bottom_margin=&#8221;0px&#8221; loading_mode=&#8221;js_more&#8221; jsm_posts_per_page=&#8221;8&#8243; category=&#8221;&#8221; css_dt_testimonials_masonry=&#8221;.vc_custom_1508493725629{padding-right: 10px !important;padding-left: 10px !important;}&#8221;][\/vc_column][\/vc_row][vc_row full_width=&#8221;stretch_row&#8221; type=&#8221;vc_default&#8221; margin_top=&#8221;0&#8243; margin_bottom=&#8221;-40&#8243; css=&#8221;.vc_custom_1573382630637{padding-top: 70px !important;padding-bottom: 80px !important;background-color: rgba(0,0,0,0.04) !important;*background-color: rgb(0,0,0) !important;}&#8221;][vc_column width=&#8221;2\/3&#8243; offset=&#8221;vc_col-lg-offset-2 vc_col-lg-8 vc_col-md-offset-2 vc_col-md-8 vc_col-sm-offset-2 vc_col-xs-12&#8243;][vc_column_text css=&#8221;.vc_custom_1573203732169{padding-bottom: 30px !important;}&#8221;] Perspiciatis faucibus dolor amet&hellip;<\/p>\n","protected":false},"author":1,"featured_media":0,"parent":16324,"menu_order":30,"comment_status":"closed","ping_status":"closed","template":"","meta":{"footnotes":""},"class_list":["post-16328","page","type-page","status-publish","hentry","description-off"],"_links":{"self":[{"href":"https:\/\/kefren.pl\/index.php\/wp-json\/wp\/v2\/pages\/16328","targetHints":{"allow":["GET"]}}],"collection":[{"href":"https:\/\/kefren.pl\/index.php\/wp-json\/wp\/v2\/pages"}],"about":[{"href":"https:\/\/kefren.pl\/index.php\/wp-json\/wp\/v2\/types\/page"}],"author":[{"embeddable":true,"href":"https:\/\/kefren.pl\/index.php\/wp-json\/wp\/v2\/users\/1"}],"replies":[{"embeddable":true,"href":"https:\/\/kefren.pl\/index.php\/wp-json\/wp\/v2\/comments?post=16328"}],"version-history":[{"count":0,"href":"https:\/\/kefren.pl\/index.php\/wp-json\/wp\/v2\/pages\/16328\/revisions"}],"up":[{"embeddable":true,"href":"https:\/\/kefren.pl\/index.php\/wp-json\/wp\/v2\/pages\/16324"}],"wp:attachment":[{"href":"https:\/\/kefren.pl\/index.php\/wp-json\/wp\/v2\/media?parent=16328"}],"curies":[{"name":"wp","href":"https:\/\/api.w.org\/{rel}","templated":true}]}}