{"id":43221,"date":"2016-09-21T10:08:23","date_gmt":"2016-09-21T10:08:23","guid":{"rendered":"https:\/\/kefren.pl\/index.php\/blog\/blog-list\/3-blog-list-classic\/"},"modified":"2016-09-21T10:08:23","modified_gmt":"2016-09-21T10:08:23","slug":"3-blog-list-classic","status":"publish","type":"page","link":"https:\/\/kefren.pl\/index.php\/blog\/blog-list\/3-blog-list-classic\/","title":{"rendered":"3. Blog list &#8211; classic"},"content":{"rendered":"<div class=\"wpb-content-wrapper\"><p>[vc_row][vc_column]<style type=\"text\/css\" data-type=\"the7_shortcodes-inline-css\">.blog-shortcode.blog-list-shortcode-id-7f1f1f5ec55ebf89e99ba105653754a7.dividers-on.classic-layout-list article {\n  margin-top: 40px;\n  padding-top: 0;\n}\n.blog-shortcode.blog-list-shortcode-id-7f1f1f5ec55ebf89e99ba105653754a7.dividers-on.classic-layout-list article:first-of-type {\n  margin-top: 0;\n  padding-top: 0;\n}\n.blog-shortcode.blog-list-shortcode-id-7f1f1f5ec55ebf89e99ba105653754a7.classic-layout-list.mode-list .post-thumbnail-wrap {\n  width: 50%;\n}\n.blog-shortcode.blog-list-shortcode-id-7f1f1f5ec55ebf89e99ba105653754a7.classic-layout-list.mode-list .post-entry-content {\n  width: calc(100% - 50%);\n}\n.blog-shortcode.blog-list-shortcode-id-7f1f1f5ec55ebf89e99ba105653754a7.classic-layout-list.mode-list .no-img .post-entry-content {\n  width: 100%;\n}\n.blog-shortcode.blog-list-shortcode-id-7f1f1f5ec55ebf89e99ba105653754a7 .filter-bg-decoration .filter-categories a.act {\n  color: #fff;\n}\n.blog-shortcode.blog-list-shortcode-id-7f1f1f5ec55ebf89e99ba105653754a7:not(.mode-masonry) article {\n  margin-top: 40px;\n}\n.blog-shortcode.blog-list-shortcode-id-7f1f1f5ec55ebf89e99ba105653754a7:not(.mode-masonry) article:first-of-type,\n.blog-shortcode.blog-list-shortcode-id-7f1f1f5ec55ebf89e99ba105653754a7:not(.mode-masonry) article.visible.first:not(.product) {\n  margin-top: 0;\n}\n.blog-shortcode.blog-list-shortcode-id-7f1f1f5ec55ebf89e99ba105653754a7.dividers-on:not(.mode-masonry) article {\n  margin-top: 0;\n  padding-top: 40px;\n}\n.blog-shortcode.blog-list-shortcode-id-7f1f1f5ec55ebf89e99ba105653754a7.dividers-on:not(.mode-masonry) article:first-of-type,\n.blog-shortcode.blog-list-shortcode-id-7f1f1f5ec55ebf89e99ba105653754a7.dividers-on:not(.mode-masonry) article.visible.first:not(.product) {\n  margin-top: 0;\n  padding-top: 0;\n}\n.blog-shortcode.blog-list-shortcode-id-7f1f1f5ec55ebf89e99ba105653754a7 .post-thumbnail-wrap {\n  padding: 0px 40px 40px 0px;\n}\n.blog-shortcode.blog-list-shortcode-id-7f1f1f5ec55ebf89e99ba105653754a7.enable-bg-rollover .post-thumbnail-rollover:after {\n  background: -webkit-linear-gradient();\n  background: linear-gradient();\n}\n.blog-shortcode.blog-list-shortcode-id-7f1f1f5ec55ebf89e99ba105653754a7 .gallery-zoom-ico {\n  width: 44px;\n  height: 44px;\n  line-height: 44px;\n  border-radius: 100px;\n  margin: -22px 0 0 -22px;\n  border-width: 0px;\n  color: #ffffff;\n}\n.bottom-overlap-layout-list.blog-shortcode.blog-list-shortcode-id-7f1f1f5ec55ebf89e99ba105653754a7 .gallery-zoom-ico {\n  margin-top: -22px;\n}\n.gradient-overlay-layout-list.blog-shortcode.blog-list-shortcode-id-7f1f1f5ec55ebf89e99ba105653754a7 .gallery-zoom-ico,\n.content-rollover-layout-list.blog-shortcode.blog-list-shortcode-id-7f1f1f5ec55ebf89e99ba105653754a7 .gallery-zoom-ico {\n  margin: 0 0 10px;\n}\n.content-align-center.gradient-overlay-layout-list.blog-shortcode.blog-list-shortcode-id-7f1f1f5ec55ebf89e99ba105653754a7 .gallery-zoom-ico,\n.content-align-center.content-rollover-layout-list.blog-shortcode.blog-list-shortcode-id-7f1f1f5ec55ebf89e99ba105653754a7 .gallery-zoom-ico {\n  margin: 0 auto 10px;\n}\n.dt-icon-bg-on.blog-shortcode.blog-list-shortcode-id-7f1f1f5ec55ebf89e99ba105653754a7 .gallery-zoom-ico {\n  background: rgba(255,255,255,0.3);\n  box-shadow: none;\n}\n.blog-shortcode.blog-list-shortcode-id-7f1f1f5ec55ebf89e99ba105653754a7 .gallery-zoom-ico > span,\n.blog-shortcode.blog-list-shortcode-id-7f1f1f5ec55ebf89e99ba105653754a7 .gallery-zoom-ico:before {\n  font-size: 32px;\n  line-height: 44px;\n}\n.blog-shortcode.blog-list-shortcode-id-7f1f1f5ec55ebf89e99ba105653754a7 .gallery-zoom-ico > span,\n.blog-shortcode.blog-list-shortcode-id-7f1f1f5ec55ebf89e99ba105653754a7 .gallery-zoom-ico:before {\n  color: #ffffff;\n}\n.blog-shortcode.blog-list-shortcode-id-7f1f1f5ec55ebf89e99ba105653754a7 .fancy-date a {\n  background: #ffffff;\n  box-shadow: none;\n}\n.blog-shortcode.blog-list-shortcode-id-7f1f1f5ec55ebf89e99ba105653754a7 .fancy-date a * {\n  color: #2d2d2d;\n}\n.blog-shortcode.blog-list-shortcode-id-7f1f1f5ec55ebf89e99ba105653754a7 .fancy-categories a {\n  color: #ffffff;\n  background: rgba(0,0,0,0.8);\n  box-shadow: none;\n}\n.blog-shortcode.blog-list-shortcode-id-7f1f1f5ec55ebf89e99ba105653754a7 .entry-title,\n.blog-shortcode.blog-list-shortcode-id-7f1f1f5ec55ebf89e99ba105653754a7.owl-carousel .entry-title {\n  margin-bottom: 7px;\n  font-weight: bold;\n}\n.blog-shortcode.blog-list-shortcode-id-7f1f1f5ec55ebf89e99ba105653754a7 .entry-meta {\n  margin-bottom: 15px;\n}\n.blog-shortcode.blog-list-shortcode-id-7f1f1f5ec55ebf89e99ba105653754a7 .portfolio-categories {\n  margin-bottom: 15px;\n}\n.blog-shortcode.blog-list-shortcode-id-7f1f1f5ec55ebf89e99ba105653754a7 .entry-excerpt {\n  margin-bottom: 5px;\n}\n.blog-shortcode.blog-list-shortcode-id-7f1f1f5ec55ebf89e99ba105653754a7:not(.centered-layout-list) .post-entry-content {\n  padding: 5px 40px 40px 0px;\n}\n.blog-shortcode.blog-list-shortcode-id-7f1f1f5ec55ebf89e99ba105653754a7:not(.centered-layout-list):not(.content-bg-on):not(.mode-list) .no-img .post-entry-content {\n  padding: 0;\n}\n@media screen and (max-width: 768px) {\n  .blog-shortcode.blog-list-shortcode-id-7f1f1f5ec55ebf89e99ba105653754a7 article {\n    -ms-flex-flow: column nowrap;\n    flex-flow: column nowrap;\n    margin-top: 20px;\n  }\n  .blog-shortcode.blog-list-shortcode-id-7f1f1f5ec55ebf89e99ba105653754a7.dividers-on article {\n    border: none;\n  }\n  .blog-shortcode.blog-list-shortcode-id-7f1f1f5ec55ebf89e99ba105653754a7.content-bg-on.centered-layout-list article {\n    padding: 0;\n  }\n  .blog-shortcode.blog-list-shortcode-id-7f1f1f5ec55ebf89e99ba105653754a7.blog-shortcode.dividers-on article,\n  .blog-shortcode.blog-list-shortcode-id-7f1f1f5ec55ebf89e99ba105653754a7.dividers-on.classic-layout-list article {\n    margin-top: 20px;\n    padding: 0;\n  }\n  .blog-shortcode.blog-list-shortcode-id-7f1f1f5ec55ebf89e99ba105653754a7.blog-shortcode.dividers-on article:first-of-type,\n  .blog-shortcode.blog-list-shortcode-id-7f1f1f5ec55ebf89e99ba105653754a7.dividers-on.classic-layout-list article:first-of-type {\n    padding: 0;\n  }\n  #page .blog-shortcode.blog-list-shortcode-id-7f1f1f5ec55ebf89e99ba105653754a7 .post-thumbnail-wrap,\n  #page .blog-shortcode.blog-list-shortcode-id-7f1f1f5ec55ebf89e99ba105653754a7 .post-entry-content {\n    width: 100%;\n    margin: 0;\n    top: 0;\n  }\n  #page .blog-shortcode.blog-list-shortcode-id-7f1f1f5ec55ebf89e99ba105653754a7 .post-thumbnail-wrap {\n    padding: 0;\n  }\n  #page .blog-shortcode.blog-list-shortcode-id-7f1f1f5ec55ebf89e99ba105653754a7 .post-entry-content:after {\n    display: none;\n  }\n  #page .blog-shortcode.blog-list-shortcode-id-7f1f1f5ec55ebf89e99ba105653754a7 .project-even .post-thumbnail-wrap,\n  #page .blog-shortcode.blog-list-shortcode-id-7f1f1f5ec55ebf89e99ba105653754a7.centered-layout-list .post-thumbnail-wrap {\n    -ms-flex-order: 0;\n    order: 0;\n  }\n  #page .blog-shortcode.blog-list-shortcode-id-7f1f1f5ec55ebf89e99ba105653754a7.centered-layout-list .post-entry-title-content {\n    -ms-flex-order: 1;\n    order: 1;\n    width: 100%;\n    padding: 20px 20px 0;\n  }\n  #page .blog-shortcode.blog-list-shortcode-id-7f1f1f5ec55ebf89e99ba105653754a7.centered-layout-list .post-entry-content {\n    -ms-flex-order: 2;\n    order: 2;\n    padding-top: 0;\n  }\n  #page .blog-shortcode.blog-list-shortcode-id-7f1f1f5ec55ebf89e99ba105653754a7 .fancy-categories {\n    top: 10px;\n    left: 10px;\n    bottom: auto;\n    right: auto;\n  }\n  #page .blog-shortcode.blog-list-shortcode-id-7f1f1f5ec55ebf89e99ba105653754a7 .fancy-date a {\n    top: 10px;\n    right: 10px;\n    left: auto;\n    bottom: auto;\n  }\n  #page .blog-shortcode.blog-list-shortcode-id-7f1f1f5ec55ebf89e99ba105653754a7 .post-entry-content {\n    padding: 20px;\n  }\n  #page .blog-shortcode.blog-list-shortcode-id-7f1f1f5ec55ebf89e99ba105653754a7 .entry-title {\n    margin: 3px 0 5px;\n    font-size: 20px;\n    line-height: 26px;\n  }\n  #page .blog-shortcode.blog-list-shortcode-id-7f1f1f5ec55ebf89e99ba105653754a7 .entry-meta {\n    margin: 5px 0 5px;\n  }\n  #page .blog-shortcode.blog-list-shortcode-id-7f1f1f5ec55ebf89e99ba105653754a7 .entry-excerpt {\n    margin: 15px 0 0;\n  }\n  #page .blog-shortcode.blog-list-shortcode-id-7f1f1f5ec55ebf89e99ba105653754a7 .post-details {\n    margin: 5px 0 10px;\n  }\n  #page .blog-shortcode.blog-list-shortcode-id-7f1f1f5ec55ebf89e99ba105653754a7 .post-details.details-type-link {\n    margin-bottom: 2px;\n  }\n}\n<\/style><div class=\"articles-list blog-shortcode mode-list blog-list-shortcode-id-7f1f1f5ec55ebf89e99ba105653754a7 classic-layout-list dividers-on scale-img dt-icon-bg-off vertical-fancy-style loading-effect-fade-in\" data-cur-page=\"1\" data-post-limit=\"-1\" data-pagination-mode=\"pages\"><article class=\"post project-odd visible no-img post-1 type-post status-publish format-standard hentry category-bez-kategorii category-1 description-off\" data-name=\"Witaj, \u015bwiecie!\" data-date=\"2025-04-22T23:29:20+02:00\">\n\n<div class=\"post-entry-content\">\n\n\t<h3 class=\"entry-title\">\n\t\t<a href=\"https:\/\/kefren.pl\/index.php\/witaj-swiecie\/\" title=\"Witaj, \u015bwiecie!\" rel=\"bookmark\">Witaj, \u015bwiecie!<\/a>\n\t<\/h3>\n\n\t<div class=\"entry-meta\"><span class=\"category-link\"><a href=\"https:\/\/kefren.pl\/index.php\/category\/bez-kategorii\/\" >Bez kategorii<\/a><\/span><a class=\"author vcard\" href=\"https:\/\/kefren.pl\/index.php\/author\/admin\/\" title=\"Zobacz wszystkie wpisy u\u017cytkownika admin\" rel=\"author\">Przez <span class=\"fn\">admin<\/span><\/a><a href=\"https:\/\/kefren.pl\/index.php\/2025\/04\/22\/\" title=\"23:29\" class=\"data-link\" rel=\"bookmark\"><time class=\"entry-date updated\" datetime=\"2025-04-22T23:29:20+02:00\">2025-04-22<\/time><\/a><a href=\"https:\/\/kefren.pl\/index.php\/witaj-swiecie\/#comments\" class=\"comment-link\" >1 komentarz<\/a><\/div>\n\t<div class=\"entry-excerpt\"><p>Witamy w WordPressie. To jest tw\u00f3j pierwszy wpis. Edytuj go lub usu\u0144, a nast\u0119pnie zacznij pisa\u0107!<\/p>\n<\/div>\n\t\n<a href=\"https:\/\/kefren.pl\/index.php\/witaj-swiecie\/\" class=\"dt-btn-s dt-btn post-details details-type-btn\" aria-label=\"Read more about Witaj, \u015bwiecie!\">Details<i class=\"dt-icon-the7-arrow-03\" aria-hidden=\"true\"><\/i><\/a>\n\n<\/div><\/article><article class=\"post project-odd visible post-6052 type-post status-publish format-standard has-post-thumbnail hentry category-industry-news category-519 description-off\" data-name=\"10 tricks on mauris mattis facilisis\" data-date=\"2022-02-20T15:41:09+01:00\">\n\n<div class=\"post-thumbnail-wrap\">\n\t<div class=\"post-thumbnail\">\n\n\t\t\n\t\t<span class=\"fancy-categories\"><a href=\"https:\/\/kefren.pl\/index.php\/category\/industry-news\/\" rel=\"category tag\">Industry news<\/a><\/span>\n\t\t<a href=\"https:\/\/kefren.pl\/index.php\/post-006\/\" class=\"post-thumbnail-rollover layzr-bg layzr-bg\" ><img fetchpriority=\"high\" decoding=\"async\" class=\"lazy-load preload-me lazy-load aspect\" src=\"data:image\/svg+xml,%3Csvg%20xmlns%3D&#39;http%3A%2F%2Fwww.w3.org%2F2000%2Fsvg&#39;%20viewBox%3D&#39;0%200%20768%20460&#39;%2F%3E\" data-src=\"https:\/\/kefren.pl\/wp-content\/uploads\/2020\/03\/por054-768x460.jpg\" data-srcset=\"https:\/\/kefren.pl\/wp-content\/uploads\/2020\/03\/por054-768x460.jpg 768w, https:\/\/kefren.pl\/wp-content\/uploads\/2020\/03\/por054-1000x598.jpg 1000w\" loading=\"eager\" style=\"--ratio: 768 \/ 460\" sizes=\"(max-width: 768px) 100vw, 768px\" alt=\"\" title=\"por054\" width=\"768\" height=\"460\"  \/><\/a>\n\t<\/div>\n<\/div>\n\n\n<div class=\"post-entry-content\">\n\n\t<h3 class=\"entry-title\">\n\t\t<a href=\"https:\/\/kefren.pl\/index.php\/post-006\/\" title=\"10 tricks on mauris mattis facilisis\" rel=\"bookmark\">10 tricks on mauris mattis facilisis<\/a>\n\t<\/h3>\n\n\t<div class=\"entry-meta\"><span class=\"category-link\"><a href=\"https:\/\/kefren.pl\/index.php\/category\/industry-news\/\" >Industry news<\/a><\/span><a class=\"author vcard\" href=\"https:\/\/kefren.pl\/index.php\/author\/admin\/\" title=\"Zobacz wszystkie wpisy u\u017cytkownika admin\" rel=\"author\">Przez <span class=\"fn\">admin<\/span><\/a><a href=\"https:\/\/kefren.pl\/index.php\/2022\/02\/20\/\" title=\"15:41\" class=\"data-link\" rel=\"bookmark\"><time class=\"entry-date updated\" datetime=\"2022-02-20T15:41:09+01:00\">2022-02-20<\/time><\/a><a href=\"https:\/\/kefren.pl\/index.php\/post-006\/#respond\" class=\"comment-link\" >Zostaw komentarz<\/a><\/div>\n\t<div class=\"entry-excerpt\"><p>Aenean nec felis sed nunc ullamcorper sollicitudin. Curabitur ultricies nibh ex, eu suscipit ex porttitor et. Suspendisse potenti. Orci varius natoque penatibus et magnis dis parturient montes, nascetur ridiculus mus.<\/p>\n<\/div>\n\t\n<a href=\"https:\/\/kefren.pl\/index.php\/post-006\/\" class=\"dt-btn-s dt-btn post-details details-type-btn\" aria-label=\"Read more about 10 tricks on mauris mattis facilisis\">Details<i class=\"dt-icon-the7-arrow-03\" aria-hidden=\"true\"><\/i><\/a>\n\n<\/div><\/article><article class=\"post project-odd visible post-6050 type-post status-publish format-standard has-post-thumbnail hentry category-industry-news category-519 description-off\" data-name=\"Nam varius urna at nibh iaculis nenatis\" data-date=\"2022-02-20T15:39:03+01:00\">\n\n<div class=\"post-thumbnail-wrap\">\n\t<div class=\"post-thumbnail\">\n\n\t\t\n\t\t<span class=\"fancy-categories\"><a href=\"https:\/\/kefren.pl\/index.php\/category\/industry-news\/\" rel=\"category tag\">Industry news<\/a><\/span>\n\t\t<a href=\"https:\/\/kefren.pl\/index.php\/post-005\/\" class=\"post-thumbnail-rollover layzr-bg layzr-bg\" ><img decoding=\"async\" class=\"lazy-load preload-me lazy-load aspect\" src=\"data:image\/svg+xml,%3Csvg%20xmlns%3D&#39;http%3A%2F%2Fwww.w3.org%2F2000%2Fsvg&#39;%20viewBox%3D&#39;0%200%20768%20460&#39;%2F%3E\" data-src=\"https:\/\/kefren.pl\/wp-content\/uploads\/2020\/02\/por043-768x460.jpg\" data-srcset=\"https:\/\/kefren.pl\/wp-content\/uploads\/2020\/02\/por043-768x460.jpg 768w, https:\/\/kefren.pl\/wp-content\/uploads\/2020\/02\/por043-1306x782.jpg 1306w\" loading=\"eager\" style=\"--ratio: 768 \/ 460\" sizes=\"(max-width: 768px) 100vw, 768px\" alt=\"\" title=\"por043\" width=\"768\" height=\"460\"  \/><\/a>\n\t<\/div>\n<\/div>\n\n\n<div class=\"post-entry-content\">\n\n\t<h3 class=\"entry-title\">\n\t\t<a href=\"https:\/\/kefren.pl\/index.php\/post-005\/\" title=\"Nam varius urna at nibh iaculis nenatis\" rel=\"bookmark\">Nam varius urna at nibh iaculis nenatis<\/a>\n\t<\/h3>\n\n\t<div class=\"entry-meta\"><span class=\"category-link\"><a href=\"https:\/\/kefren.pl\/index.php\/category\/industry-news\/\" >Industry news<\/a><\/span><a class=\"author vcard\" href=\"https:\/\/kefren.pl\/index.php\/author\/admin\/\" title=\"Zobacz wszystkie wpisy u\u017cytkownika admin\" rel=\"author\">Przez <span class=\"fn\">admin<\/span><\/a><a href=\"https:\/\/kefren.pl\/index.php\/2022\/02\/20\/\" title=\"15:39\" class=\"data-link\" rel=\"bookmark\"><time class=\"entry-date updated\" datetime=\"2022-02-20T15:39:03+01:00\">2022-02-20<\/time><\/a><a href=\"https:\/\/kefren.pl\/index.php\/post-005\/#respond\" class=\"comment-link\" >Zostaw komentarz<\/a><\/div>\n\t<div class=\"entry-excerpt\"><p>Proin facilisis tellus eu egestas convallis. Mauris mattis facilisis risus ornare venenatis. Cras urna nulla, facilisis in lectus in, condimentum blandit tortor. Vestibulum ante ipsum primis in faucibus orci luctus et ultrices posuere cubilia curae!<\/p>\n<\/div>\n\t\n<a href=\"https:\/\/kefren.pl\/index.php\/post-005\/\" class=\"dt-btn-s dt-btn post-details details-type-btn\" aria-label=\"Read more about Nam varius urna at nibh iaculis nenatis\">Details<i class=\"dt-icon-the7-arrow-03\" aria-hidden=\"true\"><\/i><\/a>\n\n<\/div><\/article><article class=\"post project-odd visible post-6047 type-post status-publish format-standard has-post-thumbnail hentry category-uncategorised category-520 description-off\" data-name=\"Vestibulum ante ipsum primis in faucibus orci luctus et ultrices\" data-date=\"2022-02-20T15:36:38+01:00\">\n\n<div class=\"post-thumbnail-wrap\">\n\t<div class=\"post-thumbnail\">\n\n\t\t\n\t\t<span class=\"fancy-categories\"><a href=\"https:\/\/kefren.pl\/index.php\/category\/uncategorised\/\" rel=\"category tag\">Uncategorised<\/a><\/span>\n\t\t<a href=\"https:\/\/kefren.pl\/index.php\/post-004\/\" class=\"post-thumbnail-rollover layzr-bg layzr-bg\" ><img decoding=\"async\" class=\"lazy-load preload-me lazy-load aspect\" src=\"data:image\/svg+xml,%3Csvg%20xmlns%3D&#39;http%3A%2F%2Fwww.w3.org%2F2000%2Fsvg&#39;%20viewBox%3D&#39;0%200%20768%20460&#39;%2F%3E\" data-src=\"https:\/\/kefren.pl\/wp-content\/uploads\/2020\/03\/por091-768x460.jpg\" data-srcset=\"https:\/\/kefren.pl\/wp-content\/uploads\/2020\/03\/por091-768x460.jpg 768w, https:\/\/kefren.pl\/wp-content\/uploads\/2020\/03\/por091-1306x782.jpg 1306w\" loading=\"eager\" style=\"--ratio: 768 \/ 460\" sizes=\"(max-width: 768px) 100vw, 768px\" alt=\"\" title=\"por091\" width=\"768\" height=\"460\"  \/><\/a>\n\t<\/div>\n<\/div>\n\n\n<div class=\"post-entry-content\">\n\n\t<h3 class=\"entry-title\">\n\t\t<a href=\"https:\/\/kefren.pl\/index.php\/post-004\/\" title=\"Vestibulum ante ipsum primis in faucibus orci luctus et ultrices\" rel=\"bookmark\">Vestibulum ante ipsum primis in faucibus orci luctus et ultrices<\/a>\n\t<\/h3>\n\n\t<div class=\"entry-meta\"><span class=\"category-link\"><a href=\"https:\/\/kefren.pl\/index.php\/category\/uncategorised\/\" >Uncategorised<\/a><\/span><a class=\"author vcard\" href=\"https:\/\/kefren.pl\/index.php\/author\/admin\/\" title=\"Zobacz wszystkie wpisy u\u017cytkownika admin\" rel=\"author\">Przez <span class=\"fn\">admin<\/span><\/a><a href=\"https:\/\/kefren.pl\/index.php\/2022\/02\/20\/\" title=\"15:36\" class=\"data-link\" rel=\"bookmark\"><time class=\"entry-date updated\" datetime=\"2022-02-20T15:36:38+01:00\">2022-02-20<\/time><\/a><a href=\"https:\/\/kefren.pl\/index.php\/post-004\/#respond\" class=\"comment-link\" >Zostaw komentarz<\/a><\/div>\n\t<div class=\"entry-excerpt\"><p>Vestibulum ante ipsum primis in faucibus orci luctus et ultrices posuere cubilia curae; Integer pulvinar, purus eu convallis molestie, massa elit efficitur metus, quis efficitur lorem est vitae libero.<\/p>\n<\/div>\n\t\n<a href=\"https:\/\/kefren.pl\/index.php\/post-004\/\" class=\"dt-btn-s dt-btn post-details details-type-btn\" aria-label=\"Read more about Vestibulum ante ipsum primis in faucibus orci luctus et ultrices\">Details<i class=\"dt-icon-the7-arrow-03\" aria-hidden=\"true\"><\/i><\/a>\n\n<\/div><\/article><article class=\"post project-odd visible post-6045 type-post status-publish format-standard has-post-thumbnail hentry category-company-news category-518 description-off\" data-name=\"Maecenas suscipit: dui a lectus tempor sed molestie enim volutpat\" data-date=\"2022-02-20T15:34:48+01:00\">\n\n<div class=\"post-thumbnail-wrap\">\n\t<div class=\"post-thumbnail\">\n\n\t\t\n\t\t<span class=\"fancy-categories\"><a href=\"https:\/\/kefren.pl\/index.php\/category\/company-news\/\" rel=\"category tag\">Company news<\/a><\/span>\n\t\t<a href=\"https:\/\/kefren.pl\/index.php\/post-003\/\" class=\"post-thumbnail-rollover layzr-bg layzr-bg\" ><img decoding=\"async\" class=\"lazy-load preload-me lazy-load aspect\" src=\"data:image\/svg+xml,%3Csvg%20xmlns%3D&#39;http%3A%2F%2Fwww.w3.org%2F2000%2Fsvg&#39;%20viewBox%3D&#39;0%200%20768%20460&#39;%2F%3E\" data-src=\"https:\/\/kefren.pl\/wp-content\/uploads\/2022\/02\/studio003-768x460.jpg\" data-srcset=\"https:\/\/kefren.pl\/wp-content\/uploads\/2022\/02\/studio003-768x460.jpg 768w, https:\/\/kefren.pl\/wp-content\/uploads\/2022\/02\/studio003-1306x782.jpg 1306w\" loading=\"eager\" style=\"--ratio: 768 \/ 460\" sizes=\"(max-width: 768px) 100vw, 768px\" alt=\"\" title=\"studio003\" width=\"768\" height=\"460\"  \/><\/a>\n\t<\/div>\n<\/div>\n\n\n<div class=\"post-entry-content\">\n\n\t<h3 class=\"entry-title\">\n\t\t<a href=\"https:\/\/kefren.pl\/index.php\/post-003\/\" title=\"Maecenas suscipit: dui a lectus tempor sed molestie enim volutpat\" rel=\"bookmark\">Maecenas suscipit: dui a lectus tempor sed molestie enim volutpat<\/a>\n\t<\/h3>\n\n\t<div class=\"entry-meta\"><span class=\"category-link\"><a href=\"https:\/\/kefren.pl\/index.php\/category\/company-news\/\" >Company news<\/a><\/span><a class=\"author vcard\" href=\"https:\/\/kefren.pl\/index.php\/author\/admin\/\" title=\"Zobacz wszystkie wpisy u\u017cytkownika admin\" rel=\"author\">Przez <span class=\"fn\">admin<\/span><\/a><a href=\"https:\/\/kefren.pl\/index.php\/2022\/02\/20\/\" title=\"15:34\" class=\"data-link\" rel=\"bookmark\"><time class=\"entry-date updated\" datetime=\"2022-02-20T15:34:48+01:00\">2022-02-20<\/time><\/a><a href=\"https:\/\/kefren.pl\/index.php\/post-003\/#respond\" class=\"comment-link\" >Zostaw komentarz<\/a><\/div>\n\t<div class=\"entry-excerpt\"><p>Maecenas suscipit dui a lectus tempor, sed molestie enim volutpat. Nulla auctor, dui et dignissim volutpat, neque ligula volutpat metus, quis sagittis mauris erat sed libero. Mauris nec luctus felis. In eu augue metus.<\/p>\n<\/div>\n\t\n<a href=\"https:\/\/kefren.pl\/index.php\/post-003\/\" class=\"dt-btn-s dt-btn post-details details-type-btn\" aria-label=\"Read more about Maecenas suscipit: dui a lectus tempor sed molestie enim volutpat\">Details<i class=\"dt-icon-the7-arrow-03\" aria-hidden=\"true\"><\/i><\/a>\n\n<\/div><\/article><article class=\"post project-odd visible post-6039 type-post status-publish format-standard has-post-thumbnail hentry category-company-news category-518 description-off\" data-name=\"Etiam scelerisque est non dolor efficitur in vehicula nisl accumsan\" data-date=\"2022-02-20T15:30:51+01:00\">\n\n<div class=\"post-thumbnail-wrap\">\n\t<div class=\"post-thumbnail\">\n\n\t\t\n\t\t<span class=\"fancy-categories\"><a href=\"https:\/\/kefren.pl\/index.php\/category\/company-news\/\" rel=\"category tag\">Company news<\/a><\/span>\n\t\t<a href=\"https:\/\/kefren.pl\/index.php\/post-002\/\" class=\"post-thumbnail-rollover layzr-bg layzr-bg\" ><img decoding=\"async\" class=\"lazy-load preload-me lazy-load aspect\" src=\"data:image\/svg+xml,%3Csvg%20xmlns%3D&#39;http%3A%2F%2Fwww.w3.org%2F2000%2Fsvg&#39;%20viewBox%3D&#39;0%200%20768%20460&#39;%2F%3E\" data-src=\"https:\/\/kefren.pl\/wp-content\/uploads\/2022\/02\/studio002-768x460.jpg\" data-srcset=\"https:\/\/kefren.pl\/wp-content\/uploads\/2022\/02\/studio002-768x460.jpg 768w, https:\/\/kefren.pl\/wp-content\/uploads\/2022\/02\/studio002-1306x782.jpg 1306w\" loading=\"eager\" style=\"--ratio: 768 \/ 460\" sizes=\"(max-width: 768px) 100vw, 768px\" alt=\"\" title=\"studio002\" width=\"768\" height=\"460\"  \/><\/a>\n\t<\/div>\n<\/div>\n\n\n<div class=\"post-entry-content\">\n\n\t<h3 class=\"entry-title\">\n\t\t<a href=\"https:\/\/kefren.pl\/index.php\/post-002\/\" title=\"Etiam scelerisque est non dolor efficitur in vehicula nisl accumsan\" rel=\"bookmark\">Etiam scelerisque est non dolor efficitur in vehicula nisl accumsan<\/a>\n\t<\/h3>\n\n\t<div class=\"entry-meta\"><span class=\"category-link\"><a href=\"https:\/\/kefren.pl\/index.php\/category\/company-news\/\" >Company news<\/a><\/span><a class=\"author vcard\" href=\"https:\/\/kefren.pl\/index.php\/author\/admin\/\" title=\"Zobacz wszystkie wpisy u\u017cytkownika admin\" rel=\"author\">Przez <span class=\"fn\">admin<\/span><\/a><a href=\"https:\/\/kefren.pl\/index.php\/2022\/02\/20\/\" title=\"15:30\" class=\"data-link\" rel=\"bookmark\"><time class=\"entry-date updated\" datetime=\"2022-02-20T15:30:51+01:00\">2022-02-20<\/time><\/a><a href=\"https:\/\/kefren.pl\/index.php\/post-002\/#respond\" class=\"comment-link\" >Zostaw komentarz<\/a><\/div>\n\t<div class=\"entry-excerpt\"><p>Donec luctus sollicitudin tellus aliquam pharetra. Etiam scelerisque est non dolor efficitur, in vehicula nisl accumsan. Sed imperdiet, enim vel laoreet accumsan, turpis lacus aliquam dui, sit amet efficitur lectus sem sed quam. <\/p>\n<\/div>\n\t\n<a href=\"https:\/\/kefren.pl\/index.php\/post-002\/\" class=\"dt-btn-s dt-btn post-details details-type-btn\" aria-label=\"Read more about Etiam scelerisque est non dolor efficitur in vehicula nisl accumsan\">Details<i class=\"dt-icon-the7-arrow-03\" aria-hidden=\"true\"><\/i><\/a>\n\n<\/div><\/article><div class=\"paginator\" role=\"navigation\"><span class=\"nav-prev disabled\">\u2192<\/span><a href=\"https:\/\/kefren.pl\/index.php\/wp-json\/wp\/v2\/pages\/43221\/\" class=\"page-numbers act\" data-page-num=\"1\">1<\/a><a href=\"https:\/\/kefren.pl\/index.php\/wp-json\/wp\/v2\/pages\/43221\/page\/2\/\" class=\"page-numbers \" data-page-num=\"2\">2<\/a><a href=\"https:\/\/kefren.pl\/index.php\/wp-json\/wp\/v2\/pages\/43221\/page\/3\/\" class=\"page-numbers \" data-page-num=\"3\">3<\/a><a href=\"https:\/\/kefren.pl\/index.php\/wp-json\/wp\/v2\/pages\/43221\/page\/4\/\" class=\"page-numbers \" data-page-num=\"4\">4<\/a><a href=\"https:\/\/kefren.pl\/index.php\/wp-json\/wp\/v2\/pages\/43221\/page\/5\/\" class=\"page-numbers \" data-page-num=\"5\">5<\/a><a href=\"https:\/\/kefren.pl\/index.php\/wp-json\/wp\/v2\/pages\/43221\/page\/2\/\" class=\"page-numbers nav-next filter-item\" data-page-num=\"2\" >\u2192<\/a><\/div><\/div>[\/vc_column][\/vc_row]<\/p>\n<\/div>","protected":false},"excerpt":{"rendered":"<p>[vc_row][vc_column][\/vc_column][\/vc_row]<\/p>\n","protected":false},"author":1,"featured_media":0,"parent":43206,"menu_order":30,"comment_status":"closed","ping_status":"closed","template":"","meta":{"footnotes":""},"class_list":["post-43221","page","type-page","status-publish","hentry","description-off"],"_links":{"self":[{"href":"https:\/\/kefren.pl\/index.php\/wp-json\/wp\/v2\/pages\/43221","targetHints":{"allow":["GET"]}}],"collection":[{"href":"https:\/\/kefren.pl\/index.php\/wp-json\/wp\/v2\/pages"}],"about":[{"href":"https:\/\/kefren.pl\/index.php\/wp-json\/wp\/v2\/types\/page"}],"author":[{"embeddable":true,"href":"https:\/\/kefren.pl\/index.php\/wp-json\/wp\/v2\/users\/1"}],"replies":[{"embeddable":true,"href":"https:\/\/kefren.pl\/index.php\/wp-json\/wp\/v2\/comments?post=43221"}],"version-history":[{"count":0,"href":"https:\/\/kefren.pl\/index.php\/wp-json\/wp\/v2\/pages\/43221\/revisions"}],"up":[{"embeddable":true,"href":"https:\/\/kefren.pl\/index.php\/wp-json\/wp\/v2\/pages\/43206"}],"wp:attachment":[{"href":"https:\/\/kefren.pl\/index.php\/wp-json\/wp\/v2\/media?parent=43221"}],"curies":[{"name":"wp","href":"https:\/\/api.w.org\/{rel}","templated":true}]}}