{"id":43370,"date":"2016-09-28T14:50:38","date_gmt":"2016-09-28T14:50:38","guid":{"rendered":"https:\/\/kefren.pl\/index.php\/blog\/blog-list\/9-blog-list-bottom-overlap\/"},"modified":"2016-09-28T14:50:38","modified_gmt":"2016-09-28T14:50:38","slug":"9-blog-list-bottom-overlap","status":"publish","type":"page","link":"https:\/\/kefren.pl\/index.php\/blog\/blog-list\/9-blog-list-bottom-overlap\/","title":{"rendered":"9. Blog list &#8211; bottom overlap"},"content":{"rendered":"<div class=\"wpb-content-wrapper\"><p>[vc_row][vc_column]<style type=\"text\/css\" data-type=\"the7_shortcodes-inline-css\">.blog-shortcode.blog-list-shortcode-id-9cbafe94b98d29a44c859dd35b1626ef.bottom-overlap-layout-list .post-entry-content {\n  margin-top: -120px;\n  width: 60%;\n}\n.blog-shortcode.blog-list-shortcode-id-9cbafe94b98d29a44c859dd35b1626ef.bottom-overlap-layout-list:not(.mode-list) .no-img .post-entry-content {\n  margin-top: 0;\n  width: 100%;\n}\n.blog-shortcode.blog-list-shortcode-id-9cbafe94b98d29a44c859dd35b1626ef.bottom-overlap-layout-list.mode-list .no-img .post-entry-content {\n  margin-top: 0;\n}\n.blog-shortcode.blog-list-shortcode-id-9cbafe94b98d29a44c859dd35b1626ef .filter-bg-decoration .filter-categories a.act {\n  color: #fff;\n}\n.blog-shortcode.blog-list-shortcode-id-9cbafe94b98d29a44c859dd35b1626ef:not(.mode-masonry) article {\n  margin-top: 40px;\n}\n.blog-shortcode.blog-list-shortcode-id-9cbafe94b98d29a44c859dd35b1626ef:not(.mode-masonry) article:first-of-type,\n.blog-shortcode.blog-list-shortcode-id-9cbafe94b98d29a44c859dd35b1626ef:not(.mode-masonry) article.visible.first:not(.product) {\n  margin-top: 0;\n}\n.blog-shortcode.blog-list-shortcode-id-9cbafe94b98d29a44c859dd35b1626ef.dividers-on:not(.mode-masonry) article {\n  margin-top: 0;\n  padding-top: 40px;\n}\n.blog-shortcode.blog-list-shortcode-id-9cbafe94b98d29a44c859dd35b1626ef.dividers-on:not(.mode-masonry) article:first-of-type,\n.blog-shortcode.blog-list-shortcode-id-9cbafe94b98d29a44c859dd35b1626ef.dividers-on:not(.mode-masonry) article.visible.first:not(.product) {\n  margin-top: 0;\n  padding-top: 0;\n}\n.blog-shortcode.blog-list-shortcode-id-9cbafe94b98d29a44c859dd35b1626ef .post-thumbnail-wrap {\n  padding: 0% 0% 0px 0%;\n}\n.blog-shortcode.blog-list-shortcode-id-9cbafe94b98d29a44c859dd35b1626ef.enable-bg-rollover .post-thumbnail-rollover:after {\n  background: -webkit-linear-gradient();\n  background: linear-gradient();\n}\n.blog-shortcode.blog-list-shortcode-id-9cbafe94b98d29a44c859dd35b1626ef .gallery-zoom-ico {\n  width: 44px;\n  height: 44px;\n  line-height: 44px;\n  border-radius: 100px;\n  margin: -22px 0 0 -22px;\n  border-width: 0px;\n  color: #ffffff;\n}\n.bottom-overlap-layout-list.blog-shortcode.blog-list-shortcode-id-9cbafe94b98d29a44c859dd35b1626ef .gallery-zoom-ico {\n  margin-top: -82px;\n}\n.gradient-overlay-layout-list.blog-shortcode.blog-list-shortcode-id-9cbafe94b98d29a44c859dd35b1626ef .gallery-zoom-ico,\n.content-rollover-layout-list.blog-shortcode.blog-list-shortcode-id-9cbafe94b98d29a44c859dd35b1626ef .gallery-zoom-ico {\n  margin: 0 0 10px;\n}\n.content-align-center.gradient-overlay-layout-list.blog-shortcode.blog-list-shortcode-id-9cbafe94b98d29a44c859dd35b1626ef .gallery-zoom-ico,\n.content-align-center.content-rollover-layout-list.blog-shortcode.blog-list-shortcode-id-9cbafe94b98d29a44c859dd35b1626ef .gallery-zoom-ico {\n  margin: 0 auto 10px;\n}\n.dt-icon-bg-on.blog-shortcode.blog-list-shortcode-id-9cbafe94b98d29a44c859dd35b1626ef .gallery-zoom-ico {\n  background: rgba(255,255,255,0.3);\n  box-shadow: none;\n}\n.blog-shortcode.blog-list-shortcode-id-9cbafe94b98d29a44c859dd35b1626ef .gallery-zoom-ico > span,\n.blog-shortcode.blog-list-shortcode-id-9cbafe94b98d29a44c859dd35b1626ef .gallery-zoom-ico:before {\n  font-size: 32px;\n  line-height: 44px;\n}\n.blog-shortcode.blog-list-shortcode-id-9cbafe94b98d29a44c859dd35b1626ef .gallery-zoom-ico > span,\n.blog-shortcode.blog-list-shortcode-id-9cbafe94b98d29a44c859dd35b1626ef .gallery-zoom-ico:before {\n  color: #ffffff;\n}\n.blog-shortcode.blog-list-shortcode-id-9cbafe94b98d29a44c859dd35b1626ef .fancy-date a {\n  background: #ffffff;\n  box-shadow: none;\n}\n.blog-shortcode.blog-list-shortcode-id-9cbafe94b98d29a44c859dd35b1626ef .fancy-date a * {\n  color: #2d2d2d;\n}\n.blog-shortcode.blog-list-shortcode-id-9cbafe94b98d29a44c859dd35b1626ef .fancy-categories a {\n  color: #ffffff;\n  background: rgba(0,0,0,0.8);\n  box-shadow: none;\n}\n.blog-shortcode.blog-list-shortcode-id-9cbafe94b98d29a44c859dd35b1626ef .entry-title,\n.blog-shortcode.blog-list-shortcode-id-9cbafe94b98d29a44c859dd35b1626ef.owl-carousel .entry-title {\n  margin-bottom: 7px;\n  font-size: 24px;\n  line-height: 32px;\n  font-weight: bold;\n}\n.blog-shortcode.blog-list-shortcode-id-9cbafe94b98d29a44c859dd35b1626ef .entry-title a,\n.blog-shortcode.blog-list-shortcode-id-9cbafe94b98d29a44c859dd35b1626ef.owl-carousel .entry-title a {\n  color: #111111;\n}\n.blog-shortcode.blog-list-shortcode-id-9cbafe94b98d29a44c859dd35b1626ef .entry-meta {\n  margin-bottom: 20px;\n}\n.blog-shortcode.blog-list-shortcode-id-9cbafe94b98d29a44c859dd35b1626ef .entry-meta * {\n  color: #aaaaaa;\n}\n.blog-shortcode.blog-list-shortcode-id-9cbafe94b98d29a44c859dd35b1626ef .portfolio-categories {\n  margin-bottom: 20px;\n}\n.blog-shortcode.blog-list-shortcode-id-9cbafe94b98d29a44c859dd35b1626ef .entry-meta > a:after,\n.blog-shortcode.blog-list-shortcode-id-9cbafe94b98d29a44c859dd35b1626ef .entry-meta > span:after {\n  background: #aaaaaa;\n  box-shadow: none;\n}\n.blog-shortcode.blog-list-shortcode-id-9cbafe94b98d29a44c859dd35b1626ef .entry-excerpt {\n  margin-bottom: 15px;\n}\n.blog-shortcode.blog-list-shortcode-id-9cbafe94b98d29a44c859dd35b1626ef .entry-excerpt * {\n  color: #5b5b5b;\n}\n.blog-shortcode.blog-list-shortcode-id-9cbafe94b98d29a44c859dd35b1626ef:not(.centered-layout-list) .post-entry-content {\n  padding: 35px 40px 40px 40px;\n}\n.blog-shortcode.blog-list-shortcode-id-9cbafe94b98d29a44c859dd35b1626ef:not(.centered-layout-list):not(.content-bg-on):not(.mode-list) .no-img .post-entry-content {\n  padding: 0;\n}\n.blog-shortcode.blog-list-shortcode-id-9cbafe94b98d29a44c859dd35b1626ef.content-bg-on:not(.classic-layout-list):not(.centered-layout-list) .post-entry-content {\n  background: #ffffff;\n  box-shadow: none;\n}\n.blog-shortcode.blog-list-shortcode-id-9cbafe94b98d29a44c859dd35b1626ef .post-details.details-type-link,\n.blog-shortcode.blog-list-shortcode-id-9cbafe94b98d29a44c859dd35b1626ef .post-details.details-type-link * {\n  color: #111111;\n}\n@media screen and (max-width: 768px) {\n  .blog-shortcode.blog-list-shortcode-id-9cbafe94b98d29a44c859dd35b1626ef article {\n    -ms-flex-flow: column nowrap;\n    flex-flow: column nowrap;\n    margin-top: 20px;\n  }\n  .blog-shortcode.blog-list-shortcode-id-9cbafe94b98d29a44c859dd35b1626ef.dividers-on article {\n    border: none;\n  }\n  .blog-shortcode.blog-list-shortcode-id-9cbafe94b98d29a44c859dd35b1626ef.content-bg-on.centered-layout-list article {\n    padding: 0;\n  }\n  .blog-shortcode.blog-list-shortcode-id-9cbafe94b98d29a44c859dd35b1626ef.blog-shortcode.dividers-on article,\n  .blog-shortcode.blog-list-shortcode-id-9cbafe94b98d29a44c859dd35b1626ef.dividers-on.classic-layout-list article {\n    margin-top: 20px;\n    padding: 0;\n  }\n  .blog-shortcode.blog-list-shortcode-id-9cbafe94b98d29a44c859dd35b1626ef.blog-shortcode.dividers-on article:first-of-type,\n  .blog-shortcode.blog-list-shortcode-id-9cbafe94b98d29a44c859dd35b1626ef.dividers-on.classic-layout-list article:first-of-type {\n    padding: 0;\n  }\n  #page .blog-shortcode.blog-list-shortcode-id-9cbafe94b98d29a44c859dd35b1626ef .post-thumbnail-wrap,\n  #page .blog-shortcode.blog-list-shortcode-id-9cbafe94b98d29a44c859dd35b1626ef .post-entry-content {\n    width: 100%;\n    margin: 0;\n    top: 0;\n  }\n  #page .blog-shortcode.blog-list-shortcode-id-9cbafe94b98d29a44c859dd35b1626ef .post-thumbnail-wrap {\n    padding: 0;\n  }\n  #page .blog-shortcode.blog-list-shortcode-id-9cbafe94b98d29a44c859dd35b1626ef .post-entry-content:after {\n    display: none;\n  }\n  #page .blog-shortcode.blog-list-shortcode-id-9cbafe94b98d29a44c859dd35b1626ef .project-even .post-thumbnail-wrap,\n  #page .blog-shortcode.blog-list-shortcode-id-9cbafe94b98d29a44c859dd35b1626ef.centered-layout-list .post-thumbnail-wrap {\n    -ms-flex-order: 0;\n    order: 0;\n  }\n  #page .blog-shortcode.blog-list-shortcode-id-9cbafe94b98d29a44c859dd35b1626ef.centered-layout-list .post-entry-title-content {\n    -ms-flex-order: 1;\n    order: 1;\n    width: 100%;\n    padding: 20px 20px 0;\n  }\n  #page .blog-shortcode.blog-list-shortcode-id-9cbafe94b98d29a44c859dd35b1626ef.centered-layout-list .post-entry-content {\n    -ms-flex-order: 2;\n    order: 2;\n    padding-top: 0;\n  }\n  #page .blog-shortcode.blog-list-shortcode-id-9cbafe94b98d29a44c859dd35b1626ef .fancy-categories {\n    top: 10px;\n    left: 10px;\n    bottom: auto;\n    right: auto;\n  }\n  #page .blog-shortcode.blog-list-shortcode-id-9cbafe94b98d29a44c859dd35b1626ef .fancy-date a {\n    top: 10px;\n    right: 10px;\n    left: auto;\n    bottom: auto;\n  }\n  #page .blog-shortcode.blog-list-shortcode-id-9cbafe94b98d29a44c859dd35b1626ef .post-entry-content {\n    padding: 20px;\n  }\n  #page .blog-shortcode.blog-list-shortcode-id-9cbafe94b98d29a44c859dd35b1626ef .entry-title {\n    margin: 3px 0 5px;\n    font-size: 20px;\n    line-height: 26px;\n  }\n  #page .blog-shortcode.blog-list-shortcode-id-9cbafe94b98d29a44c859dd35b1626ef .entry-meta {\n    margin: 5px 0 5px;\n  }\n  #page .blog-shortcode.blog-list-shortcode-id-9cbafe94b98d29a44c859dd35b1626ef .entry-excerpt {\n    margin: 15px 0 0;\n  }\n  #page .blog-shortcode.blog-list-shortcode-id-9cbafe94b98d29a44c859dd35b1626ef .post-details {\n    margin: 5px 0 10px;\n  }\n  #page .blog-shortcode.blog-list-shortcode-id-9cbafe94b98d29a44c859dd35b1626ef .post-details.details-type-link {\n    margin-bottom: 2px;\n  }\n}\n<\/style><div class=\"articles-list blog-shortcode mode-list blog-list-shortcode-id-9cbafe94b98d29a44c859dd35b1626ef bottom-overlap-layout-list content-bg-on scale-img dt-icon-bg-off vertical-fancy-style loading-effect-fade-in\" data-cur-page=\"1\" data-post-limit=\"-1\" data-pagination-mode=\"pages\"><article class=\"post project-odd visible no-img post-1 type-post status-publish format-standard hentry category-bez-kategorii category-1 description-off\" data-name=\"Witaj, \u015bwiecie!\" data-date=\"2025-04-22T23:29:20+02:00\">\n\n<div class=\"post-entry-content\">\n\n\t<h3 class=\"entry-title\">\n\t\t<a href=\"https:\/\/kefren.pl\/index.php\/witaj-swiecie\/\" title=\"Witaj, \u015bwiecie!\" rel=\"bookmark\">Witaj, \u015bwiecie!<\/a>\n\t<\/h3>\n\n\t<div class=\"entry-meta\"><a class=\"author vcard\" href=\"https:\/\/kefren.pl\/index.php\/author\/admin\/\" title=\"Zobacz wszystkie wpisy u\u017cytkownika admin\" rel=\"author\">Przez <span class=\"fn\">admin<\/span><\/a><a href=\"https:\/\/kefren.pl\/index.php\/2025\/04\/22\/\" title=\"23:29\" class=\"data-link\" rel=\"bookmark\"><time class=\"entry-date updated\" datetime=\"2025-04-22T23:29:20+02:00\">2025-04-22<\/time><\/a><a href=\"https:\/\/kefren.pl\/index.php\/witaj-swiecie\/#comments\" class=\"comment-link\" >1 komentarz<\/a><\/div>\n\t<div class=\"entry-excerpt\"><p>Witamy w WordPressie. To jest tw\u00f3j pierwszy wpis. Edytuj go lub usu\u0144, a nast\u0119pnie zacznij pisa\u0107!<\/p>\n<\/div>\n\t\n<a href=\"https:\/\/kefren.pl\/index.php\/witaj-swiecie\/\" class=\"dt-btn-s dt-btn post-details details-type-btn\" aria-label=\"Read more about Witaj, \u015bwiecie!\">Details<i class=\"dt-icon-the7-arrow-03\" aria-hidden=\"true\"><\/i><\/a>\n\n<\/div><\/article><article class=\"post project-odd visible post-6052 type-post status-publish format-standard has-post-thumbnail hentry category-industry-news category-519 description-off\" data-name=\"10 tricks on mauris mattis facilisis\" data-date=\"2022-02-20T15:41:09+01:00\">\n\n<div class=\"post-thumbnail-wrap\">\n\t<div class=\"post-thumbnail\">\n\n\t\t\n\t\t<span class=\"fancy-categories\"><a href=\"https:\/\/kefren.pl\/index.php\/category\/industry-news\/\" rel=\"category tag\">Industry news<\/a><\/span>\n\t\t<a href=\"https:\/\/kefren.pl\/index.php\/post-006\/\" class=\"post-thumbnail-rollover layzr-bg layzr-bg\" ><img fetchpriority=\"high\" decoding=\"async\" class=\"lazy-load preload-me lazy-load aspect\" src=\"data:image\/svg+xml,%3Csvg%20xmlns%3D&#39;http%3A%2F%2Fwww.w3.org%2F2000%2Fsvg&#39;%20viewBox%3D&#39;0%200%20825%20275&#39;%2F%3E\" data-src=\"https:\/\/kefren.pl\/wp-content\/uploads\/2020\/03\/por054-825x275.jpg\" data-srcset=\"https:\/\/kefren.pl\/wp-content\/uploads\/2020\/03\/por054-825x275.jpg 825w, https:\/\/kefren.pl\/wp-content\/uploads\/2020\/03\/por054-1000x333.jpg 1000w\" loading=\"eager\" style=\"--ratio: 825 \/ 275\" sizes=\"(max-width: 825px) 100vw, 825px\" alt=\"\" title=\"por054\" width=\"825\" height=\"275\"  \/><\/a>\n\t<\/div>\n<\/div>\n\n\n<div class=\"post-entry-content\">\n\n\t<h3 class=\"entry-title\">\n\t\t<a href=\"https:\/\/kefren.pl\/index.php\/post-006\/\" title=\"10 tricks on mauris mattis facilisis\" rel=\"bookmark\">10 tricks on mauris mattis facilisis<\/a>\n\t<\/h3>\n\n\t<div class=\"entry-meta\"><a class=\"author vcard\" href=\"https:\/\/kefren.pl\/index.php\/author\/admin\/\" title=\"Zobacz wszystkie wpisy u\u017cytkownika admin\" rel=\"author\">Przez <span class=\"fn\">admin<\/span><\/a><a href=\"https:\/\/kefren.pl\/index.php\/2022\/02\/20\/\" title=\"15:41\" class=\"data-link\" rel=\"bookmark\"><time class=\"entry-date updated\" datetime=\"2022-02-20T15:41:09+01:00\">2022-02-20<\/time><\/a><a href=\"https:\/\/kefren.pl\/index.php\/post-006\/#respond\" class=\"comment-link\" >Zostaw komentarz<\/a><\/div>\n\t<div class=\"entry-excerpt\"><p>Aenean nec felis sed nunc ullamcorper sollicitudin. Curabitur ultricies nibh ex, eu suscipit ex porttitor et. Suspendisse potenti. Orci varius natoque penatibus et magnis dis parturient montes, nascetur ridiculus mus.<\/p>\n<\/div>\n\t\n<a href=\"https:\/\/kefren.pl\/index.php\/post-006\/\" class=\"dt-btn-s dt-btn post-details details-type-btn\" aria-label=\"Read more about 10 tricks on mauris mattis facilisis\">Details<i class=\"dt-icon-the7-arrow-03\" aria-hidden=\"true\"><\/i><\/a>\n\n<\/div><\/article><article class=\"post project-odd visible post-6050 type-post status-publish format-standard has-post-thumbnail hentry category-industry-news category-519 description-off\" data-name=\"Nam varius urna at nibh iaculis nenatis\" data-date=\"2022-02-20T15:39:03+01:00\">\n\n<div class=\"post-thumbnail-wrap\">\n\t<div class=\"post-thumbnail\">\n\n\t\t\n\t\t<span class=\"fancy-categories\"><a href=\"https:\/\/kefren.pl\/index.php\/category\/industry-news\/\" rel=\"category tag\">Industry news<\/a><\/span>\n\t\t<a href=\"https:\/\/kefren.pl\/index.php\/post-005\/\" class=\"post-thumbnail-rollover layzr-bg layzr-bg\" ><img decoding=\"async\" class=\"lazy-load preload-me lazy-load aspect\" src=\"data:image\/svg+xml,%3Csvg%20xmlns%3D&#39;http%3A%2F%2Fwww.w3.org%2F2000%2Fsvg&#39;%20viewBox%3D&#39;0%200%20825%20275&#39;%2F%3E\" data-src=\"https:\/\/kefren.pl\/wp-content\/uploads\/2020\/02\/por043-825x275.jpg\" data-srcset=\"https:\/\/kefren.pl\/wp-content\/uploads\/2020\/02\/por043-825x275.jpg 825w, https:\/\/kefren.pl\/wp-content\/uploads\/2020\/02\/por043-1403x468.jpg 1403w\" loading=\"eager\" style=\"--ratio: 825 \/ 275\" sizes=\"(max-width: 825px) 100vw, 825px\" alt=\"\" title=\"por043\" width=\"825\" height=\"275\"  \/><\/a>\n\t<\/div>\n<\/div>\n\n\n<div class=\"post-entry-content\">\n\n\t<h3 class=\"entry-title\">\n\t\t<a href=\"https:\/\/kefren.pl\/index.php\/post-005\/\" title=\"Nam varius urna at nibh iaculis nenatis\" rel=\"bookmark\">Nam varius urna at nibh iaculis nenatis<\/a>\n\t<\/h3>\n\n\t<div class=\"entry-meta\"><a class=\"author vcard\" href=\"https:\/\/kefren.pl\/index.php\/author\/admin\/\" title=\"Zobacz wszystkie wpisy u\u017cytkownika admin\" rel=\"author\">Przez <span class=\"fn\">admin<\/span><\/a><a href=\"https:\/\/kefren.pl\/index.php\/2022\/02\/20\/\" title=\"15:39\" class=\"data-link\" rel=\"bookmark\"><time class=\"entry-date updated\" datetime=\"2022-02-20T15:39:03+01:00\">2022-02-20<\/time><\/a><a href=\"https:\/\/kefren.pl\/index.php\/post-005\/#respond\" class=\"comment-link\" >Zostaw komentarz<\/a><\/div>\n\t<div class=\"entry-excerpt\"><p>Proin facilisis tellus eu egestas convallis. Mauris mattis facilisis risus ornare venenatis. Cras urna nulla, facilisis in lectus in, condimentum blandit tortor. Vestibulum ante ipsum primis in faucibus orci luctus et ultrices posuere cubilia curae!<\/p>\n<\/div>\n\t\n<a href=\"https:\/\/kefren.pl\/index.php\/post-005\/\" class=\"dt-btn-s dt-btn post-details details-type-btn\" aria-label=\"Read more about Nam varius urna at nibh iaculis nenatis\">Details<i class=\"dt-icon-the7-arrow-03\" aria-hidden=\"true\"><\/i><\/a>\n\n<\/div><\/article><article class=\"post project-odd visible post-6047 type-post status-publish format-standard has-post-thumbnail hentry category-uncategorised category-520 description-off\" data-name=\"Vestibulum ante ipsum primis in faucibus orci luctus et ultrices\" data-date=\"2022-02-20T15:36:38+01:00\">\n\n<div class=\"post-thumbnail-wrap\">\n\t<div class=\"post-thumbnail\">\n\n\t\t\n\t\t<span class=\"fancy-categories\"><a href=\"https:\/\/kefren.pl\/index.php\/category\/uncategorised\/\" rel=\"category tag\">Uncategorised<\/a><\/span>\n\t\t<a href=\"https:\/\/kefren.pl\/index.php\/post-004\/\" class=\"post-thumbnail-rollover layzr-bg layzr-bg\" ><img decoding=\"async\" class=\"lazy-load preload-me lazy-load aspect\" src=\"data:image\/svg+xml,%3Csvg%20xmlns%3D&#39;http%3A%2F%2Fwww.w3.org%2F2000%2Fsvg&#39;%20viewBox%3D&#39;0%200%20825%20275&#39;%2F%3E\" data-src=\"https:\/\/kefren.pl\/wp-content\/uploads\/2020\/03\/por091-825x275.jpg\" data-srcset=\"https:\/\/kefren.pl\/wp-content\/uploads\/2020\/03\/por091-825x275.jpg 825w, https:\/\/kefren.pl\/wp-content\/uploads\/2020\/03\/por091-1403x468.jpg 1403w\" loading=\"eager\" style=\"--ratio: 825 \/ 275\" sizes=\"(max-width: 825px) 100vw, 825px\" alt=\"\" title=\"por091\" width=\"825\" height=\"275\"  \/><\/a>\n\t<\/div>\n<\/div>\n\n\n<div class=\"post-entry-content\">\n\n\t<h3 class=\"entry-title\">\n\t\t<a href=\"https:\/\/kefren.pl\/index.php\/post-004\/\" title=\"Vestibulum ante ipsum primis in faucibus orci luctus et ultrices\" rel=\"bookmark\">Vestibulum ante ipsum primis in faucibus orci luctus et ultrices<\/a>\n\t<\/h3>\n\n\t<div class=\"entry-meta\"><a class=\"author vcard\" href=\"https:\/\/kefren.pl\/index.php\/author\/admin\/\" title=\"Zobacz wszystkie wpisy u\u017cytkownika admin\" rel=\"author\">Przez <span class=\"fn\">admin<\/span><\/a><a href=\"https:\/\/kefren.pl\/index.php\/2022\/02\/20\/\" title=\"15:36\" class=\"data-link\" rel=\"bookmark\"><time class=\"entry-date updated\" datetime=\"2022-02-20T15:36:38+01:00\">2022-02-20<\/time><\/a><a href=\"https:\/\/kefren.pl\/index.php\/post-004\/#respond\" class=\"comment-link\" >Zostaw komentarz<\/a><\/div>\n\t<div class=\"entry-excerpt\"><p>Vestibulum ante ipsum primis in faucibus orci luctus et ultrices posuere cubilia curae; Integer pulvinar, purus eu convallis molestie, massa elit efficitur metus, quis efficitur lorem est vitae libero.<\/p>\n<\/div>\n\t\n<a href=\"https:\/\/kefren.pl\/index.php\/post-004\/\" class=\"dt-btn-s dt-btn post-details details-type-btn\" aria-label=\"Read more about Vestibulum ante ipsum primis in faucibus orci luctus et ultrices\">Details<i class=\"dt-icon-the7-arrow-03\" aria-hidden=\"true\"><\/i><\/a>\n\n<\/div><\/article><article class=\"post project-odd visible post-6045 type-post status-publish format-standard has-post-thumbnail hentry category-company-news category-518 description-off\" data-name=\"Maecenas suscipit: dui a lectus tempor sed molestie enim volutpat\" data-date=\"2022-02-20T15:34:48+01:00\">\n\n<div class=\"post-thumbnail-wrap\">\n\t<div class=\"post-thumbnail\">\n\n\t\t\n\t\t<span class=\"fancy-categories\"><a href=\"https:\/\/kefren.pl\/index.php\/category\/company-news\/\" rel=\"category tag\">Company news<\/a><\/span>\n\t\t<a href=\"https:\/\/kefren.pl\/index.php\/post-003\/\" class=\"post-thumbnail-rollover layzr-bg layzr-bg\" ><img decoding=\"async\" class=\"lazy-load preload-me lazy-load aspect\" src=\"data:image\/svg+xml,%3Csvg%20xmlns%3D&#39;http%3A%2F%2Fwww.w3.org%2F2000%2Fsvg&#39;%20viewBox%3D&#39;0%200%20825%20275&#39;%2F%3E\" data-src=\"https:\/\/kefren.pl\/wp-content\/uploads\/2022\/02\/studio003-825x275.jpg\" data-srcset=\"https:\/\/kefren.pl\/wp-content\/uploads\/2022\/02\/studio003-825x275.jpg 825w, https:\/\/kefren.pl\/wp-content\/uploads\/2022\/02\/studio003-1403x468.jpg 1403w\" loading=\"eager\" style=\"--ratio: 825 \/ 275\" sizes=\"(max-width: 825px) 100vw, 825px\" alt=\"\" title=\"studio003\" width=\"825\" height=\"275\"  \/><\/a>\n\t<\/div>\n<\/div>\n\n\n<div class=\"post-entry-content\">\n\n\t<h3 class=\"entry-title\">\n\t\t<a href=\"https:\/\/kefren.pl\/index.php\/post-003\/\" title=\"Maecenas suscipit: dui a lectus tempor sed molestie enim volutpat\" rel=\"bookmark\">Maecenas suscipit: dui a lectus tempor sed molestie enim volutpat<\/a>\n\t<\/h3>\n\n\t<div class=\"entry-meta\"><a class=\"author vcard\" href=\"https:\/\/kefren.pl\/index.php\/author\/admin\/\" title=\"Zobacz wszystkie wpisy u\u017cytkownika admin\" rel=\"author\">Przez <span class=\"fn\">admin<\/span><\/a><a href=\"https:\/\/kefren.pl\/index.php\/2022\/02\/20\/\" title=\"15:34\" class=\"data-link\" rel=\"bookmark\"><time class=\"entry-date updated\" datetime=\"2022-02-20T15:34:48+01:00\">2022-02-20<\/time><\/a><a href=\"https:\/\/kefren.pl\/index.php\/post-003\/#respond\" class=\"comment-link\" >Zostaw komentarz<\/a><\/div>\n\t<div class=\"entry-excerpt\"><p>Maecenas suscipit dui a lectus tempor, sed molestie enim volutpat. Nulla auctor, dui et dignissim volutpat, neque ligula volutpat metus, quis sagittis mauris erat sed libero. Mauris nec luctus felis. In eu augue metus.<\/p>\n<\/div>\n\t\n<a href=\"https:\/\/kefren.pl\/index.php\/post-003\/\" class=\"dt-btn-s dt-btn post-details details-type-btn\" aria-label=\"Read more about Maecenas suscipit: dui a lectus tempor sed molestie enim volutpat\">Details<i class=\"dt-icon-the7-arrow-03\" aria-hidden=\"true\"><\/i><\/a>\n\n<\/div><\/article><div class=\"paginator\" role=\"navigation\"><span class=\"nav-prev disabled\">\u2192<\/span><a href=\"https:\/\/kefren.pl\/index.php\/wp-json\/wp\/v2\/pages\/43370\/\" class=\"page-numbers act\" data-page-num=\"1\">1<\/a><a href=\"https:\/\/kefren.pl\/index.php\/wp-json\/wp\/v2\/pages\/43370\/page\/2\/\" class=\"page-numbers \" data-page-num=\"2\">2<\/a><a href=\"https:\/\/kefren.pl\/index.php\/wp-json\/wp\/v2\/pages\/43370\/page\/3\/\" class=\"page-numbers \" data-page-num=\"3\">3<\/a><a href=\"https:\/\/kefren.pl\/index.php\/wp-json\/wp\/v2\/pages\/43370\/page\/4\/\" class=\"page-numbers \" data-page-num=\"4\">4<\/a><a href=\"https:\/\/kefren.pl\/index.php\/wp-json\/wp\/v2\/pages\/43370\/page\/5\/\" class=\"page-numbers \" data-page-num=\"5\">5<\/a><a href=\"https:\/\/kefren.pl\/index.php\/wp-json\/wp\/v2\/pages\/43370\/page\/6\/\" class=\"page-numbers \" data-page-num=\"6\">6<\/a><a href=\"https:\/\/kefren.pl\/index.php\/wp-json\/wp\/v2\/pages\/43370\/page\/2\/\" class=\"page-numbers nav-next filter-item\" data-page-num=\"2\" >\u2192<\/a><\/div><\/div>[\/vc_column][\/vc_row]<\/p>\n<\/div>","protected":false},"excerpt":{"rendered":"<p>[vc_row][vc_column][\/vc_column][\/vc_row]<\/p>\n","protected":false},"author":1,"featured_media":0,"parent":43206,"menu_order":90,"comment_status":"closed","ping_status":"closed","template":"","meta":{"footnotes":""},"class_list":["post-43370","page","type-page","status-publish","hentry","description-off"],"_links":{"self":[{"href":"https:\/\/kefren.pl\/index.php\/wp-json\/wp\/v2\/pages\/43370","targetHints":{"allow":["GET"]}}],"collection":[{"href":"https:\/\/kefren.pl\/index.php\/wp-json\/wp\/v2\/pages"}],"about":[{"href":"https:\/\/kefren.pl\/index.php\/wp-json\/wp\/v2\/types\/page"}],"author":[{"embeddable":true,"href":"https:\/\/kefren.pl\/index.php\/wp-json\/wp\/v2\/users\/1"}],"replies":[{"embeddable":true,"href":"https:\/\/kefren.pl\/index.php\/wp-json\/wp\/v2\/comments?post=43370"}],"version-history":[{"count":0,"href":"https:\/\/kefren.pl\/index.php\/wp-json\/wp\/v2\/pages\/43370\/revisions"}],"up":[{"embeddable":true,"href":"https:\/\/kefren.pl\/index.php\/wp-json\/wp\/v2\/pages\/43206"}],"wp:attachment":[{"href":"https:\/\/kefren.pl\/index.php\/wp-json\/wp\/v2\/media?parent=43370"}],"curies":[{"name":"wp","href":"https:\/\/api.w.org\/{rel}","templated":true}]}}